{"id":131,"date":"2021-03-29T17:32:36","date_gmt":"2021-03-29T15:32:36","guid":{"rendered":"http:\/\/comingsoon.myrandomshirt.com\/?post_type=product&#038;p=131"},"modified":"2024-01-01T17:48:49","modified_gmt":"2024-01-01T16:48:49","slug":"box-adulte","status":"publish","type":"product","link":"https:\/\/myrandomshirt.com\/en\/product\/box-adulte\/","title":{"rendered":"Adult Shirt Box"},"content":{"rendered":"<p>[et_pb_section fb_built=\u00a0\u00bb1&Prime; _builder_version=\u00a0\u00bb3.22&Prime; custom_padding=\u00a0\u00bb0px||||false|false\u00a0\u00bb][et_pb_row _builder_version=\u00a0\u00bb3.25&Prime; background_size=\u00a0\u00bbinitial\u00a0\u00bb background_position=\u00a0\u00bbtop_left\u00a0\u00bb background_repeat=\u00a0\u00bbrepeat\u00a0\u00bb width=\u00a0\u00bb100%\u00a0\u00bb custom_padding=\u00a0\u00bb0px||0px||false|false\u00a0\u00bb][et_pb_column type=\u00a0\u00bb4_4&Prime; _builder_version=\u00a0\u00bb3.25&Prime; custom_padding=\u00a0\u00bb|||\u00a0\u00bb custom_padding__hover=\u00a0\u00bb|||\u00a0\u00bb][et_pb_wc_breadcrumb _builder_version=\u00a0\u00bb3.0.47&Prime;][\/et_pb_wc_breadcrumb][et_pb_wc_cart_notice admin_label=\u00a0\u00bbWoo Cart Notice\u00a0\u00bb _builder_version=\u00a0\u00bb4.9.3&Prime;][\/et_pb_wc_cart_notice][\/et_pb_column][\/et_pb_row][et_pb_row column_structure=\u00a0\u00bb1_2,1_2&Prime; _builder_version=\u00a0\u00bb3.25&Prime; background_size=\u00a0\u00bbinitial\u00a0\u00bb background_position=\u00a0\u00bbtop_left\u00a0\u00bb background_repeat=\u00a0\u00bbrepeat\u00a0\u00bb width=\u00a0\u00bb100%\u00a0\u00bb custom_padding=\u00a0\u00bb0px||||false|false\u00a0\u00bb][et_pb_column type=\u00a0\u00bb1_2&Prime; _builder_version=\u00a0\u00bb3.25&Prime; custom_padding=\u00a0\u00bb|||\u00a0\u00bb custom_padding__hover=\u00a0\u00bb|||\u00a0\u00bb][et_pb_wc_images _builder_version=\u00a0\u00bb3.0.47&Prime;][\/et_pb_wc_images][\/et_pb_column][et_pb_column type=\u00a0\u00bb1_2&Prime; _builder_version=\u00a0\u00bb3.25&Prime; custom_padding=\u00a0\u00bb|||\u00a0\u00bb custom_padding__hover=\u00a0\u00bb|||\u00a0\u00bb][et_pb_wc_title admin_label=\u00a0\u00bbWoo Titre\u00a0\u00bb _builder_version=\u00a0\u00bb4.9.4&Prime; header_font=\u00a0\u00bbMasiva Bold||||||||\u00a0\u00bb][\/et_pb_wc_title][et_pb_wc_rating admin_label=\u00a0\u00bbWoo Rating\u00a0\u00bb _builder_version=\u00a0\u00bb4.9.4&Prime; body_font=\u00a0\u00bbMasiva||||||||\u00a0\u00bb][\/et_pb_wc_rating][et_pb_wc_price admin_label=\u00a0\u00bbWoo Prix\u00a0\u00bb _builder_version=\u00a0\u00bb4.9.4&Prime; body_font=\u00a0\u00bbMasiva||||||||\u00a0\u00bb][\/et_pb_wc_price][et_pb_wc_description admin_label=\u00a0\u00bbWoo Description\u00a0\u00bb _builder_version=\u00a0\u00bb4.9.4&Prime; body_font=\u00a0\u00bbMasiva||||||||\u00a0\u00bb][\/et_pb_wc_description][et_pb_code admin_label=\u00a0\u00bbCode\u00a0\u00bb _builder_version=\u00a0\u00bb4.9.4&Prime; _module_preset=\u00a0\u00bbdefault\u00a0\u00bb][\/et_pb_code][et_pb_wc_add_to_cart admin_label=\u00a0\u00bbWoo Ajouter au panier\u00a0\u00bb _builder_version=\u00a0\u00bb4.9.4&Prime; body_font=\u00a0\u00bbMasiva|700|||||||\u00a0\u00bb dropdown_menus_font=\u00a0\u00bbMrsBaseline||||||||\u00a0\u00bb][\/et_pb_wc_add_to_cart][\/et_pb_column][\/et_pb_row][et_pb_row _builder_version=\u00a0\u00bb4.9.4&Prime; background_size=\u00a0\u00bbinitial\u00a0\u00bb background_position=\u00a0\u00bbtop_left\u00a0\u00bb background_repeat=\u00a0\u00bbrepeat\u00a0\u00bb width=\u00a0\u00bb100%\u00a0\u00bb][et_pb_column type=\u00a0\u00bb4_4&Prime; _builder_version=\u00a0\u00bb3.25&Prime; custom_padding=\u00a0\u00bb|||\u00a0\u00bb custom_padding__hover=\u00a0\u00bb|||\u00a0\u00bb][et_pb_wc_tabs admin_label=\u00a0\u00bbWoo Tabs\u00a0\u00bb _builder_version=\u00a0\u00bb4.9.4&Prime; body_font=\u00a0\u00bbMasiva||||||||\u00a0\u00bb] [\/et_pb_wc_tabs][et_pb_wc_upsells admin_label=\u00a0\u00bbWoo Upsell\u00a0\u00bb _builder_version=\u00a0\u00bb3.0.47&Prime;][\/et_pb_wc_upsells][et_pb_wc_related_products _builder_version=\u00a0\u00bb3.0.47&Prime;][\/et_pb_wc_related_products][\/et_pb_column][\/et_pb_row][\/et_pb_section]<\/p>\n","protected":false},"excerpt":{"rendered":"<p>My Random Shirt vous pr\u00e9sente sa boite adulte. Dans chaque bo\u00eete se trouve un maillot unique et authentique d\u2019un club (ou d\u2019une s\u00e9lection nationale) de football allant du S au 2XL. Ces maillots sont choisis au hasard dans notre stock, laissez-vous surprendre !<\/p>","protected":false},"featured_media":586,"comment_status":"open","ping_status":"closed","template":"","meta":{"_et_pb_use_builder":"on","_et_pb_old_content":"La boite adulte ? Qu\u2019est-ce que c\u2019est ?\r\n\r\nRassurez-vous, My Random Shirt ne vous vend pas une boite en carton avec son joli logo \u00e0 39 \u20ac. Dans cette boite se trouve un magnifique maillot de football neuf et authentique d\u2019un club ou d\u2019une s\u00e9lection nationale de la saison 2015\/2016 \u00e0 celle d\u2019aujourd\u2019hui. Lequel ? \u00c7a c\u2019est une autre histoire !\r\n\r\nNos \u00e9quipes ont travers\u00e9 le globe pour vous d\u00e9nicher les meilleurs maillots. Que ce soit le plus grand club Europ\u00e9en ou un club r\u00e9gional d\u2019Am\u00e9rique du Sud, tout est possible. Il vous suffit simplement de choisir votre taille XS au 2XL (si vous souhaitez une taille plus grande ou plus petite, contactez-nous par mail : contact@myrandomshirt.com) et d\u2019exclure si vous le souhaitez un club que vous ne voulez absolument pas recevoir (car on a beau aimer la d\u00e9couverte, la passion reste la passion).\r\n\r\nLaissez vous ensuite porter par le hasard, il fait si bien les choses\u2026","_et_gb_content_width":""},"product_brand":[],"product_cat":[33],"product_tag":[],"class_list":{"0":"post-131","1":"product","2":"type-product","3":"status-publish","4":"has-post-thumbnail","6":"product_cat-box","8":"first","9":"instock","10":"taxable","11":"shipping-taxable","12":"product-type-simple"},"yoast_head":"<!-- This site is optimized with the Yoast SEO plugin v27.5 - https:\/\/yoast.com\/product\/yoast-seo-wordpress\/ -->\n<title>Box Adulte - My Random shirt<\/title>\n<meta name=\"description\" content=\"My Random Shirt vous pr\u00e9sente sa boite adulte. Dans chaque bo\u00eete se trouve un maillot unique et authentique d\u2019un club (ou d\u2019une s\u00e9lection nationale) de football allant du S au 2XL. Ces maillots sont choisis au hasard dans notre stock, laissez-vous surprendre\u00a0!\" \/>\n<meta name=\"robots\" content=\"index, follow, max-snippet:-1, max-image-preview:large, max-video-preview:-1\" \/>\n<link rel=\"canonical\" href=\"https:\/\/myrandomshirt.com\/en\/product\/box-adulte\/\" \/>\n<meta property=\"og:locale\" content=\"en_GB\" \/>\n<meta property=\"og:type\" content=\"article\" \/>\n<meta property=\"og:title\" content=\"Box Adulte - My Random shirt\" \/>\n<meta property=\"og:description\" content=\"My Random Shirt vous pr\u00e9sente sa boite adulte. Dans chaque bo\u00eete se trouve un maillot unique et authentique d\u2019un club (ou d\u2019une s\u00e9lection nationale) de football allant du S au 2XL. Ces maillots sont choisis au hasard dans notre stock, laissez-vous surprendre\u00a0!\" \/>\n<meta property=\"og:url\" content=\"https:\/\/myrandomshirt.com\/en\/product\/box-adulte\/\" \/>\n<meta property=\"og:site_name\" content=\"MyRandomShirt\" \/>\n<meta property=\"article:modified_time\" content=\"2024-01-01T16:48:49+00:00\" \/>\n<meta property=\"og:image\" content=\"https:\/\/myrandomshirt.com\/wp-content\/uploads\/2021\/03\/Photo-3-scaled.jpg\" \/>\n\t<meta property=\"og:image:width\" content=\"2560\" \/>\n\t<meta property=\"og:image:height\" content=\"2560\" \/>\n\t<meta property=\"og:image:type\" content=\"image\/jpeg\" \/>\n<meta name=\"twitter:card\" content=\"summary_large_image\" \/>\n<meta name=\"twitter:label1\" content=\"Estimated reading time\" \/>\n\t<meta name=\"twitter:data1\" content=\"2 minutes\" \/>\n<script type=\"application\/ld+json\" class=\"yoast-schema-graph\">{\"@context\":\"https:\\\/\\\/schema.org\",\"@graph\":[{\"@type\":\"WebPage\",\"@id\":\"https:\\\/\\\/myrandomshirt.com\\\/produit\\\/box-adulte\\\/\",\"url\":\"https:\\\/\\\/myrandomshirt.com\\\/produit\\\/box-adulte\\\/\",\"name\":\"Box Adulte - My Random shirt\",\"isPartOf\":{\"@id\":\"https:\\\/\\\/myrandomshirt.com\\\/#website\"},\"primaryImageOfPage\":{\"@id\":\"https:\\\/\\\/myrandomshirt.com\\\/produit\\\/box-adulte\\\/#primaryimage\"},\"image\":{\"@id\":\"https:\\\/\\\/myrandomshirt.com\\\/produit\\\/box-adulte\\\/#primaryimage\"},\"thumbnailUrl\":\"https:\\\/\\\/myrandomshirt.com\\\/wp-content\\\/uploads\\\/2021\\\/03\\\/Photo-3-scaled.jpg\",\"datePublished\":\"2021-03-29T15:32:36+00:00\",\"dateModified\":\"2024-01-01T16:48:49+00:00\",\"description\":\"My Random Shirt vous pr\u00e9sente sa boite adulte. Dans chaque bo\u00eete se trouve un maillot unique et authentique d\u2019un club (ou d\u2019une s\u00e9lection nationale) de football allant du S au 2XL. Ces maillots sont choisis au hasard dans notre stock, laissez-vous surprendre\u00a0!\",\"breadcrumb\":{\"@id\":\"https:\\\/\\\/myrandomshirt.com\\\/produit\\\/box-adulte\\\/#breadcrumb\"},\"inLanguage\":\"en-GB\",\"potentialAction\":[{\"@type\":\"ReadAction\",\"target\":[\"https:\\\/\\\/myrandomshirt.com\\\/produit\\\/box-adulte\\\/\"]}]},{\"@type\":\"ImageObject\",\"inLanguage\":\"en-GB\",\"@id\":\"https:\\\/\\\/myrandomshirt.com\\\/produit\\\/box-adulte\\\/#primaryimage\",\"url\":\"https:\\\/\\\/myrandomshirt.com\\\/wp-content\\\/uploads\\\/2021\\\/03\\\/Photo-3-scaled.jpg\",\"contentUrl\":\"https:\\\/\\\/myrandomshirt.com\\\/wp-content\\\/uploads\\\/2021\\\/03\\\/Photo-3-scaled.jpg\",\"width\":2560,\"height\":2560},{\"@type\":\"BreadcrumbList\",\"@id\":\"https:\\\/\\\/myrandomshirt.com\\\/produit\\\/box-adulte\\\/#breadcrumb\",\"itemListElement\":[{\"@type\":\"ListItem\",\"position\":1,\"name\":\"Accueil\",\"item\":\"https:\\\/\\\/myrandomshirt.com\\\/\"},{\"@type\":\"ListItem\",\"position\":2,\"name\":\"Box\",\"item\":\"https:\\\/\\\/myrandomshirt.com\\\/box\\\/\"},{\"@type\":\"ListItem\",\"position\":3,\"name\":\"Box Adulte\"}]},{\"@type\":\"WebSite\",\"@id\":\"https:\\\/\\\/myrandomshirt.com\\\/#website\",\"url\":\"https:\\\/\\\/myrandomshirt.com\\\/\",\"name\":\"MyRandomShirt\",\"description\":\"\",\"potentialAction\":[{\"@type\":\"SearchAction\",\"target\":{\"@type\":\"EntryPoint\",\"urlTemplate\":\"https:\\\/\\\/myrandomshirt.com\\\/?s={search_term_string}\"},\"query-input\":{\"@type\":\"PropertyValueSpecification\",\"valueRequired\":true,\"valueName\":\"search_term_string\"}}],\"inLanguage\":\"en-GB\"}]}<\/script>\n<!-- \/ Yoast SEO plugin. -->","yoast_head_json":{"title":"Box Adulte - My Random shirt","description":"My Random Shirt vous pr\u00e9sente sa boite adulte. Dans chaque bo\u00eete se trouve un maillot unique et authentique d\u2019un club (ou d\u2019une s\u00e9lection nationale) de football allant du S au 2XL. Ces maillots sont choisis au hasard dans notre stock, laissez-vous surprendre\u00a0!","robots":{"index":"index","follow":"follow","max-snippet":"max-snippet:-1","max-image-preview":"max-image-preview:large","max-video-preview":"max-video-preview:-1"},"canonical":"https:\/\/myrandomshirt.com\/en\/product\/box-adulte\/","og_locale":"en_GB","og_type":"article","og_title":"Box Adulte - My Random shirt","og_description":"My Random Shirt vous pr\u00e9sente sa boite adulte. Dans chaque bo\u00eete se trouve un maillot unique et authentique d\u2019un club (ou d\u2019une s\u00e9lection nationale) de football allant du S au 2XL. Ces maillots sont choisis au hasard dans notre stock, laissez-vous surprendre\u00a0!","og_url":"https:\/\/myrandomshirt.com\/en\/product\/box-adulte\/","og_site_name":"MyRandomShirt","article_modified_time":"2024-01-01T16:48:49+00:00","og_image":[{"width":2560,"height":2560,"url":"https:\/\/myrandomshirt.com\/wp-content\/uploads\/2021\/03\/Photo-3-scaled.jpg","type":"image\/jpeg"}],"twitter_card":"summary_large_image","twitter_misc":{"Estimated reading time":"2 minutes"},"schema":{"@context":"https:\/\/schema.org","@graph":[{"@type":"WebPage","@id":"https:\/\/myrandomshirt.com\/produit\/box-adulte\/","url":"https:\/\/myrandomshirt.com\/produit\/box-adulte\/","name":"Box Adulte - My Random shirt","isPartOf":{"@id":"https:\/\/myrandomshirt.com\/#website"},"primaryImageOfPage":{"@id":"https:\/\/myrandomshirt.com\/produit\/box-adulte\/#primaryimage"},"image":{"@id":"https:\/\/myrandomshirt.com\/produit\/box-adulte\/#primaryimage"},"thumbnailUrl":"https:\/\/myrandomshirt.com\/wp-content\/uploads\/2021\/03\/Photo-3-scaled.jpg","datePublished":"2021-03-29T15:32:36+00:00","dateModified":"2024-01-01T16:48:49+00:00","description":"My Random Shirt vous pr\u00e9sente sa boite adulte. Dans chaque bo\u00eete se trouve un maillot unique et authentique d\u2019un club (ou d\u2019une s\u00e9lection nationale) de football allant du S au 2XL. Ces maillots sont choisis au hasard dans notre stock, laissez-vous surprendre\u00a0!","breadcrumb":{"@id":"https:\/\/myrandomshirt.com\/produit\/box-adulte\/#breadcrumb"},"inLanguage":"en-GB","potentialAction":[{"@type":"ReadAction","target":["https:\/\/myrandomshirt.com\/produit\/box-adulte\/"]}]},{"@type":"ImageObject","inLanguage":"en-GB","@id":"https:\/\/myrandomshirt.com\/produit\/box-adulte\/#primaryimage","url":"https:\/\/myrandomshirt.com\/wp-content\/uploads\/2021\/03\/Photo-3-scaled.jpg","contentUrl":"https:\/\/myrandomshirt.com\/wp-content\/uploads\/2021\/03\/Photo-3-scaled.jpg","width":2560,"height":2560},{"@type":"BreadcrumbList","@id":"https:\/\/myrandomshirt.com\/produit\/box-adulte\/#breadcrumb","itemListElement":[{"@type":"ListItem","position":1,"name":"Accueil","item":"https:\/\/myrandomshirt.com\/"},{"@type":"ListItem","position":2,"name":"Box","item":"https:\/\/myrandomshirt.com\/box\/"},{"@type":"ListItem","position":3,"name":"Box Adulte"}]},{"@type":"WebSite","@id":"https:\/\/myrandomshirt.com\/#website","url":"https:\/\/myrandomshirt.com\/","name":"MyRandomShirt","description":"","potentialAction":[{"@type":"SearchAction","target":{"@type":"EntryPoint","urlTemplate":"https:\/\/myrandomshirt.com\/?s={search_term_string}"},"query-input":{"@type":"PropertyValueSpecification","valueRequired":true,"valueName":"search_term_string"}}],"inLanguage":"en-GB"}]}},"_links":{"self":[{"href":"https:\/\/myrandomshirt.com\/en\/wp-json\/wp\/v2\/product\/131","targetHints":{"allow":["GET"]}}],"collection":[{"href":"https:\/\/myrandomshirt.com\/en\/wp-json\/wp\/v2\/product"}],"about":[{"href":"https:\/\/myrandomshirt.com\/en\/wp-json\/wp\/v2\/types\/product"}],"replies":[{"embeddable":true,"href":"https:\/\/myrandomshirt.com\/en\/wp-json\/wp\/v2\/comments?post=131"}],"wp:featuredmedia":[{"embeddable":true,"href":"https:\/\/myrandomshirt.com\/en\/wp-json\/wp\/v2\/media\/586"}],"wp:attachment":[{"href":"https:\/\/myrandomshirt.com\/en\/wp-json\/wp\/v2\/media?parent=131"}],"wp:term":[{"taxonomy":"product_brand","embeddable":true,"href":"https:\/\/myrandomshirt.com\/en\/wp-json\/wp\/v2\/product_brand?post=131"},{"taxonomy":"product_cat","embeddable":true,"href":"https:\/\/myrandomshirt.com\/en\/wp-json\/wp\/v2\/product_cat?post=131"},{"taxonomy":"product_tag","embeddable":true,"href":"https:\/\/myrandomshirt.com\/en\/wp-json\/wp\/v2\/product_tag?post=131"}],"curies":[{"name":"wp","href":"https:\/\/api.w.org\/{rel}","templated":true}]}}