{"id":84,"date":"2021-03-29T13:17:42","date_gmt":"2021-03-29T11:17:42","guid":{"rendered":"http:\/\/comingsoon.myrandomshirt.com\/?page_id=84"},"modified":"2021-10-02T18:15:07","modified_gmt":"2021-10-02T16:15:07","slug":"mentions-legales","status":"publish","type":"page","link":"https:\/\/myrandomshirt.com\/en\/mentions-legales\/","title":{"rendered":"Legal Notice"},"content":{"rendered":"<p>[et_pb_section fb_built=\u00a0\u00bb1&Prime; _builder_version=\u00a0\u00bb4.9.4&Prime; _module_preset=\u00a0\u00bbdefault\u00a0\u00bb][et_pb_row _builder_version=\u00a0\u00bb4.9.4&Prime; _module_preset=\u00a0\u00bbdefault\u00a0\u00bb][et_pb_column type=\u00a0\u00bb4_4&Prime; _builder_version=\u00a0\u00bb4.9.4&Prime; _module_preset=\u00a0\u00bbdefault\u00a0\u00bb][et_pb_text _builder_version=\u00a0\u00bb4.9.4&Prime; _module_preset=\u00a0\u00bbdefault\u00a0\u00bb text_font=\u00a0\u00bbMasiva Bold||||||||\u00a0\u00bb text_text_color=\u00a0\u00bb#242552&Prime; text_font_size=\u00a0\u00bb30px\u00a0\u00bb text_orientation=\u00a0\u00bbcenter\u00a0\u00bb]<\/p>\n<p>Mentions l\u00e9gales<\/p>\n<p>[\/et_pb_text][et_pb_text _builder_version=\u00a0\u00bb4.9.4&Prime; _module_preset=\u00a0\u00bbdefault\u00a0\u00bb text_font=\u00a0\u00bbMasiva||||||||\u00a0\u00bb text_text_color=\u00a0\u00bb#242552&Prime; text_font_size=\u00a0\u00bb16px\u00a0\u00bb text_orientation=\u00a0\u00bbjustified\u00a0\u00bb]<\/p>\n<h3>Mentions L\u00e9gales<\/h3>\n<p>Ce site internet est la propri\u00e9t\u00e9 de My Random Shirt, SASU au capital social de 1000 \u20ac immatricul\u00e9e au Registre du Commerce et des Soci\u00e9t\u00e9s de Grenoble sous le num\u00e9ro\u00a0895\u00a0190\u00a0940.<br \/>Directeur de la publication du site : YG\u00a0<br \/>Contact\u00a0: <a href=\"mailto:contact@myrandomshirt.com\">contact@myrandomshirt.com<\/a><br \/>Le site <a href=\"https:\/\/myrandomshirt.com\" target=\"_blank\" rel=\"noopener\">www.myrandomshirt.com<\/a> est heberg\u00e9 sur un serveur Infomaniak et exploit\u00e9 sur une plateforme Woo Commerce et l\u2019ensemble du site est soumis \u00e0 la l\u00e9gislation Fran\u00e7aise en vigueur. Toute utilisation doit donc \u00eatre conforme \u00e0 cette l\u00e9gislation.<\/p>\n<h3>Cookies<\/h3>\n<p>Les cookies permettent \u00e0 My Random Shirt de collecter et d\u2019analyser vos donn\u00e9es de navigation sur son site internet afin de vous proposer une navigation la plus fluide possible. Ils permettent \u00e9galement de faire un reporting permettant de mesurer l\u2019audience sur le site. Vous \u00eates enti\u00e8rement libre de refuser ou de modifier les cookies.<br \/>En utilisant le site internet <a href=\"https:\/\/myrandomshirt.com\" target=\"_blank\" rel=\"noopener\">www.myrandomshirt.com<\/a> , vous acceptez l\u2019utilisation des cookies.<\/p>\n<h3>Donn\u00e9es personnelles<\/h3>\n<p>Vos donn\u00e9es personnelles vont permettre \u00e0 My Random Shirt de proc\u00e9der au bon traitement de votre commande. Vous pouvez mettre \u00e0 jour ou supprimer ces donn\u00e9es personnelles \u00e0 tout moment via votre compte client conform\u00e9ment \u00e0 la loi \u00ab\u00a0<a href=\"https:\/\/www.legifrance.gouv.fr\/loda\/id\/JORFTEXT000000886460\/\" target=\"_blank\" rel=\"noopener\">Informatiques et Libert\u00e9s N\u00b0 78-17<\/a>\u00a0\u00bb du 6 Janvier 1978. Le fait de supprimer les donn\u00e9es personnelles peut engendrer la suppression de votre historique de commandes.<br \/>Les donn\u00e9es personnelles recueillies par My Random Shirt sont enregistr\u00e9es dans un fichier propre \u00e0 la soci\u00e9t\u00e9 et ne sont en aucun cas destin\u00e9s \u00e0 la vente aupr\u00e8s d\u2019organismes agr\u00e9\u00e9s.<\/p>\n<p>En vous donnant la possibilit\u00e9 de diffuser le contenu de votre commande sur nos r\u00e9seaux sociaux (@MyRandomShirtFR sur le site <a href=\"https:\/\/facebook.com\" target=\"_blank\" rel=\"noopener\">www.facebook.com<\/a> , @myrandomshirt sur le site <a href=\"https:\/\/instagram.com\" target=\"_blank\" rel=\"noopener\">www.instagram.com<\/a> et @MyRandomShirt sur le site <a href=\"https:\/\/twitter.fr\" target=\"_blank\" rel=\"noopener\">www.twitter.fr<\/a>) vous acceptez que nous puissions utiliser votre publication ainsi que le contenu publi\u00e9, et nous donnez la possibilit\u00e9 de modifier, adapter, recadrer ou am\u00e9liorer le contenu. My Random Shirt n\u2019utilisera jamais ce contenu dans le but de vous nuire de quelques mani\u00e8res que ce soit.<\/p>\n<p>Si jamais vous souhaitez pour quelconque raison retirer ce contenu de nos r\u00e9seaux cela sera fait sous un d\u00e9lai de 72h.<\/p>\n<p>Il est possible que d\u2019autres utilisateurs de ces r\u00e9seaux sociaux puissent repartager ce contenu et de mani\u00e8re incontr\u00f4lable pour My Random Shirt, via des captures \u00e9crans ou d\u2019enregistrements. Si vous ne souhaitez pas accorder les autorisations \u00e9nonc\u00e9es ci-dessus il est possible de le faire par mail \u00e0 l\u2019adresse suivante\u00a0: <a href=\"mailto:rgpd@myrandomshirt.com\">rgpd@myrandomshirt.com<\/a><\/p>\n<p>Vos donn\u00e9es personnelles seront utilis\u00e9es uniquement dans le cadre du bon d\u00e9roulement de votre commande. En acceptant les Conditions G\u00e9n\u00e9rales de Vente, My Random shirt se r\u00e9serve le droit de vous envoyer des promotions et les actualit\u00e9s du site et de ses partenaires.<\/p>\n<h3>Acc\u00e8s et navigation<\/h3>\n<p>Le site est <a href=\"https:\/\/myrandomshirt.com\" target=\"_blank\" rel=\"noopener\">www.myrandomshirt.com<\/a> est accessible gratuitement depuis n\u2019importe o\u00f9 par tout utilisateur disposant d\u2019un acc\u00e8s \u00e0 Internet. Tous les frais n\u00e9cessaires pour l\u2019acc\u00e8s aux services (mat\u00e9riel informatique, connexion Internet\u2026) sont \u00e0 la charge de l\u2019utilisateur.<\/p>\n<p>L\u2019acc\u00e8s aux services d\u00e9di\u00e9s aux membres s\u2019effectue \u00e0 l\u2019aide d\u2019un identifiant et d\u2019un mot de passe.<\/p>\n<p>Pour des raisons de maintenance ou autres, l\u2019acc\u00e8s au site peut \u00eatre interrompu ou suspendu par l\u2019\u00e9diteur sans pr\u00e9avis ni justification.<\/p>\n<p>[\/et_pb_text][\/et_pb_column][\/et_pb_row][\/et_pb_section]<\/p>\n","protected":false},"excerpt":{"rendered":"<p>[et_pb_section fb_built=\u00a0\u00bb1&Prime; _builder_version=\u00a0\u00bb4.9.4&Prime; _module_preset=\u00a0\u00bbdefault\u00a0\u00bb][et_pb_row _builder_version=\u00a0\u00bb4.9.4&Prime; _module_preset=\u00a0\u00bbdefault\u00a0\u00bb][et_pb_column type=\u00a0\u00bb4_4&Prime; _builder_version=\u00a0\u00bb4.9.4&Prime; _module_preset=\u00a0\u00bbdefault\u00a0\u00bb][et_pb_text _builder_version=\u00a0\u00bb4.9.4&Prime; _module_preset=\u00a0\u00bbdefault\u00a0\u00bb text_font=\u00a0\u00bbMasiva Bold||||||||\u00a0\u00bb text_text_color=\u00a0\u00bb#242552&Prime; text_font_size=\u00a0\u00bb30px\u00a0\u00bb text_orientation=\u00a0\u00bbcenter\u00a0\u00bb] Mentions l\u00e9gales [\/et_pb_text][et_pb_text _builder_version=\u00a0\u00bb4.9.4&Prime; _module_preset=\u00a0\u00bbdefault\u00a0\u00bb text_font=\u00a0\u00bbMasiva||||||||\u00a0\u00bb text_text_color=\u00a0\u00bb#242552&Prime; text_font_size=\u00a0\u00bb16px\u00a0\u00bb text_orientation=\u00a0\u00bbjustified\u00a0\u00bb] Mentions L\u00e9gales Ce site internet est la propri\u00e9t\u00e9 de My Random Shirt, SASU au capital social de 1000 \u20ac immatricul\u00e9e au Registre du Commerce et des Soci\u00e9t\u00e9s de Grenoble sous [&hellip;]<\/p>\n","protected":false},"author":1,"featured_media":0,"parent":0,"menu_order":0,"comment_status":"closed","ping_status":"closed","template":"","meta":{"_et_pb_use_builder":"on","_et_pb_old_content":"","_et_gb_content_width":"","footnotes":""},"class_list":["post-84","page","type-page","status-publish","hentry"],"yoast_head":"<!-- This site is optimized with the Yoast SEO plugin v27.5 - https:\/\/yoast.com\/product\/yoast-seo-wordpress\/ -->\n<title>Mentions l\u00e9gales - MyRandomShirt<\/title>\n<meta name=\"robots\" content=\"index, follow, max-snippet:-1, max-image-preview:large, max-video-preview:-1\" \/>\n<link rel=\"canonical\" href=\"https:\/\/myrandomshirt.com\/en\/mentions-legales\/\" \/>\n<meta property=\"og:locale\" content=\"en_GB\" \/>\n<meta property=\"og:type\" content=\"article\" \/>\n<meta property=\"og:title\" content=\"Mentions l\u00e9gales - MyRandomShirt\" \/>\n<meta property=\"og:description\" content=\"[et_pb_section fb_built=\u00a0\u00bb1&Prime; _builder_version=\u00a0\u00bb4.9.4&Prime; _module_preset=\u00a0\u00bbdefault\u00a0\u00bb][et_pb_row _builder_version=\u00a0\u00bb4.9.4&Prime; _module_preset=\u00a0\u00bbdefault\u00a0\u00bb][et_pb_column type=\u00a0\u00bb4_4&Prime; _builder_version=\u00a0\u00bb4.9.4&Prime; _module_preset=\u00a0\u00bbdefault\u00a0\u00bb][et_pb_text _builder_version=\u00a0\u00bb4.9.4&Prime; _module_preset=\u00a0\u00bbdefault\u00a0\u00bb text_font=\u00a0\u00bbMasiva Bold||||||||\u00a0\u00bb text_text_color=\u00a0\u00bb#242552&Prime; text_font_size=\u00a0\u00bb30px\u00a0\u00bb text_orientation=\u00a0\u00bbcenter\u00a0\u00bb] Mentions l\u00e9gales [\/et_pb_text][et_pb_text _builder_version=\u00a0\u00bb4.9.4&Prime; _module_preset=\u00a0\u00bbdefault\u00a0\u00bb text_font=\u00a0\u00bbMasiva||||||||\u00a0\u00bb text_text_color=\u00a0\u00bb#242552&Prime; text_font_size=\u00a0\u00bb16px\u00a0\u00bb text_orientation=\u00a0\u00bbjustified\u00a0\u00bb] Mentions L\u00e9gales Ce site internet est la propri\u00e9t\u00e9 de My Random Shirt, SASU au capital social de 1000 \u20ac immatricul\u00e9e au Registre du Commerce et des Soci\u00e9t\u00e9s de Grenoble sous [&hellip;]\" \/>\n<meta property=\"og:url\" content=\"https:\/\/myrandomshirt.com\/en\/mentions-legales\/\" \/>\n<meta property=\"og:site_name\" content=\"MyRandomShirt\" \/>\n<meta property=\"article:modified_time\" content=\"2021-10-02T16:15:07+00:00\" \/>\n<meta name=\"twitter:card\" content=\"summary_large_image\" \/>\n<meta name=\"twitter:label1\" content=\"Estimated reading time\" \/>\n\t<meta name=\"twitter:data1\" content=\"3 minutes\" \/>\n<script type=\"application\/ld+json\" class=\"yoast-schema-graph\">{\"@context\":\"https:\\\/\\\/schema.org\",\"@graph\":[{\"@type\":\"WebPage\",\"@id\":\"https:\\\/\\\/myrandomshirt.com\\\/mentions-legales\\\/\",\"url\":\"https:\\\/\\\/myrandomshirt.com\\\/mentions-legales\\\/\",\"name\":\"Mentions l\u00e9gales - MyRandomShirt\",\"isPartOf\":{\"@id\":\"https:\\\/\\\/myrandomshirt.com\\\/#website\"},\"datePublished\":\"2021-03-29T11:17:42+00:00\",\"dateModified\":\"2021-10-02T16:15:07+00:00\",\"breadcrumb\":{\"@id\":\"https:\\\/\\\/myrandomshirt.com\\\/mentions-legales\\\/#breadcrumb\"},\"inLanguage\":\"en-GB\",\"potentialAction\":[{\"@type\":\"ReadAction\",\"target\":[\"https:\\\/\\\/myrandomshirt.com\\\/mentions-legales\\\/\"]}]},{\"@type\":\"BreadcrumbList\",\"@id\":\"https:\\\/\\\/myrandomshirt.com\\\/mentions-legales\\\/#breadcrumb\",\"itemListElement\":[{\"@type\":\"ListItem\",\"position\":1,\"name\":\"Accueil\",\"item\":\"https:\\\/\\\/myrandomshirt.com\\\/\"},{\"@type\":\"ListItem\",\"position\":2,\"name\":\"Mentions l\u00e9gales\"}]},{\"@type\":\"WebSite\",\"@id\":\"https:\\\/\\\/myrandomshirt.com\\\/#website\",\"url\":\"https:\\\/\\\/myrandomshirt.com\\\/\",\"name\":\"MyRandomShirt\",\"description\":\"\",\"potentialAction\":[{\"@type\":\"SearchAction\",\"target\":{\"@type\":\"EntryPoint\",\"urlTemplate\":\"https:\\\/\\\/myrandomshirt.com\\\/?s={search_term_string}\"},\"query-input\":{\"@type\":\"PropertyValueSpecification\",\"valueRequired\":true,\"valueName\":\"search_term_string\"}}],\"inLanguage\":\"en-GB\"}]}<\/script>\n<!-- \/ Yoast SEO plugin. -->","yoast_head_json":{"title":"Mentions l\u00e9gales - MyRandomShirt","robots":{"index":"index","follow":"follow","max-snippet":"max-snippet:-1","max-image-preview":"max-image-preview:large","max-video-preview":"max-video-preview:-1"},"canonical":"https:\/\/myrandomshirt.com\/en\/mentions-legales\/","og_locale":"en_GB","og_type":"article","og_title":"Mentions l\u00e9gales - MyRandomShirt","og_description":"[et_pb_section fb_built=\u00a0\u00bb1&Prime; _builder_version=\u00a0\u00bb4.9.4&Prime; _module_preset=\u00a0\u00bbdefault\u00a0\u00bb][et_pb_row _builder_version=\u00a0\u00bb4.9.4&Prime; _module_preset=\u00a0\u00bbdefault\u00a0\u00bb][et_pb_column type=\u00a0\u00bb4_4&Prime; _builder_version=\u00a0\u00bb4.9.4&Prime; _module_preset=\u00a0\u00bbdefault\u00a0\u00bb][et_pb_text _builder_version=\u00a0\u00bb4.9.4&Prime; _module_preset=\u00a0\u00bbdefault\u00a0\u00bb text_font=\u00a0\u00bbMasiva Bold||||||||\u00a0\u00bb text_text_color=\u00a0\u00bb#242552&Prime; text_font_size=\u00a0\u00bb30px\u00a0\u00bb text_orientation=\u00a0\u00bbcenter\u00a0\u00bb] Mentions l\u00e9gales [\/et_pb_text][et_pb_text _builder_version=\u00a0\u00bb4.9.4&Prime; _module_preset=\u00a0\u00bbdefault\u00a0\u00bb text_font=\u00a0\u00bbMasiva||||||||\u00a0\u00bb text_text_color=\u00a0\u00bb#242552&Prime; text_font_size=\u00a0\u00bb16px\u00a0\u00bb text_orientation=\u00a0\u00bbjustified\u00a0\u00bb] Mentions L\u00e9gales Ce site internet est la propri\u00e9t\u00e9 de My Random Shirt, SASU au capital social de 1000 \u20ac immatricul\u00e9e au Registre du Commerce et des Soci\u00e9t\u00e9s de Grenoble sous [&hellip;]","og_url":"https:\/\/myrandomshirt.com\/en\/mentions-legales\/","og_site_name":"MyRandomShirt","article_modified_time":"2021-10-02T16:15:07+00:00","twitter_card":"summary_large_image","twitter_misc":{"Estimated reading time":"3 minutes"},"schema":{"@context":"https:\/\/schema.org","@graph":[{"@type":"WebPage","@id":"https:\/\/myrandomshirt.com\/mentions-legales\/","url":"https:\/\/myrandomshirt.com\/mentions-legales\/","name":"Mentions l\u00e9gales - MyRandomShirt","isPartOf":{"@id":"https:\/\/myrandomshirt.com\/#website"},"datePublished":"2021-03-29T11:17:42+00:00","dateModified":"2021-10-02T16:15:07+00:00","breadcrumb":{"@id":"https:\/\/myrandomshirt.com\/mentions-legales\/#breadcrumb"},"inLanguage":"en-GB","potentialAction":[{"@type":"ReadAction","target":["https:\/\/myrandomshirt.com\/mentions-legales\/"]}]},{"@type":"BreadcrumbList","@id":"https:\/\/myrandomshirt.com\/mentions-legales\/#breadcrumb","itemListElement":[{"@type":"ListItem","position":1,"name":"Accueil","item":"https:\/\/myrandomshirt.com\/"},{"@type":"ListItem","position":2,"name":"Mentions l\u00e9gales"}]},{"@type":"WebSite","@id":"https:\/\/myrandomshirt.com\/#website","url":"https:\/\/myrandomshirt.com\/","name":"MyRandomShirt","description":"","potentialAction":[{"@type":"SearchAction","target":{"@type":"EntryPoint","urlTemplate":"https:\/\/myrandomshirt.com\/?s={search_term_string}"},"query-input":{"@type":"PropertyValueSpecification","valueRequired":true,"valueName":"search_term_string"}}],"inLanguage":"en-GB"}]}},"_links":{"self":[{"href":"https:\/\/myrandomshirt.com\/en\/wp-json\/wp\/v2\/pages\/84","targetHints":{"allow":["GET"]}}],"collection":[{"href":"https:\/\/myrandomshirt.com\/en\/wp-json\/wp\/v2\/pages"}],"about":[{"href":"https:\/\/myrandomshirt.com\/en\/wp-json\/wp\/v2\/types\/page"}],"author":[{"embeddable":true,"href":"https:\/\/myrandomshirt.com\/en\/wp-json\/wp\/v2\/users\/1"}],"replies":[{"embeddable":true,"href":"https:\/\/myrandomshirt.com\/en\/wp-json\/wp\/v2\/comments?post=84"}],"version-history":[{"count":15,"href":"https:\/\/myrandomshirt.com\/en\/wp-json\/wp\/v2\/pages\/84\/revisions"}],"predecessor-version":[{"id":1356,"href":"https:\/\/myrandomshirt.com\/en\/wp-json\/wp\/v2\/pages\/84\/revisions\/1356"}],"wp:attachment":[{"href":"https:\/\/myrandomshirt.com\/en\/wp-json\/wp\/v2\/media?parent=84"}],"curies":[{"name":"wp","href":"https:\/\/api.w.org\/{rel}","templated":true}]}}