{"id":78,"date":"2021-03-29T13:17:54","date_gmt":"2021-03-29T11:17:54","guid":{"rendered":"http:\/\/comingsoon.myrandomshirt.com\/?page_id=78"},"modified":"2021-05-08T16:32:21","modified_gmt":"2021-05-08T14:32:21","slug":"politique-de-retour","status":"publish","type":"page","link":"https:\/\/myrandomshirt.com\/en\/politique-de-retour\/","title":{"rendered":"Return policy"},"content":{"rendered":"<p>[et_pb_section fb_built=\u00a0\u00bb1&Prime; _builder_version=\u00a0\u00bb4.9.4&Prime; _module_preset=\u00a0\u00bbdefault\u00a0\u00bb][et_pb_row _builder_version=\u00a0\u00bb4.9.4&Prime; _module_preset=\u00a0\u00bbdefault\u00a0\u00bb][et_pb_column type=\u00a0\u00bb4_4&Prime; _builder_version=\u00a0\u00bb4.9.4&Prime; _module_preset=\u00a0\u00bbdefault\u00a0\u00bb][et_pb_text _builder_version=\u00a0\u00bb4.9.4&Prime; _module_preset=\u00a0\u00bbdefault\u00a0\u00bb text_font=\u00a0\u00bbMasiva Bold||||||||\u00a0\u00bb text_text_color=\u00a0\u00bb#242552&Prime; text_font_size=\u00a0\u00bb30px\u00a0\u00bb text_orientation=\u00a0\u00bbcenter\u00a0\u00bb hover_enabled=\u00a0\u00bb0&Prime; sticky_enabled=\u00a0\u00bb0&Prime;]Politique de retour[\/et_pb_text][et_pb_text _builder_version=\u00a0\u00bb4.9.4&Prime; _module_preset=\u00a0\u00bbdefault\u00a0\u00bb text_font=\u00a0\u00bbMasiva||||||||\u00a0\u00bb text_text_color=\u00a0\u00bb#242552&Prime; text_font_size=\u00a0\u00bb16px\u00a0\u00bb text_orientation=\u00a0\u00bbjustified\u00a0\u00bb hover_enabled=\u00a0\u00bb0&Prime; sticky_enabled=\u00a0\u00bb0&Prime;]<\/p>\n<p>Chez My Random Shirt chaque commande livr\u00e9e doit correspondre \u00e0 ce qui a \u00e9t\u00e9 command\u00e9. Mais nous savons que les choses ne se passent pas toujours comme pr\u00e9vu et c\u2019est pourquoi nous avons essay\u00e9 de mettre en place une politique de retour la plus juste possible. Si le produit livr\u00e9 ne correspond pas \u00e0 la commande r\u00e9alis\u00e9e (erreur de taille, maillot d\u00e9t\u00e9rior\u00e9 ou erreur de commande notre part) vous \u00eates en mesure de retourner votre commande dans un d\u00e9lai de 14 jours apr\u00e8s livraison. Pass\u00e9 ces 14 jours, nous ne pourrons malheureusement pas donner suite \u00e0 votre demande de retour.<\/p>\n<p>La politique de retour est applicable uniquement si les conditions suivantes sont respect\u00e9es.<\/p>\n<p>Vous devez poss\u00e9der une facture et\/ou une preuve d\u2019achat \u00e9manant du site <a href=\"https:\/\/myrandomshirt.com\" target=\"_blank\" rel=\"noopener\">www.myrandomshirt.com<\/a>.<\/p>\n<p>Le produit doit \u00eatre restitu\u00e9 dans l\u2019\u00e9tat initial dans lequel il a \u00e9t\u00e9 re\u00e7u (repli\u00e9 dans sa boite avec \u00e9tiquette et aucun dommage visible type t\u00e2che ou d\u00e9t\u00e9rioration). Les frais de retour sont \u00e0 votre charge.<\/p>\n<p>Vous devez r\u00e9aliser toute demande de retour par mail \u00e0 l\u2019adresse <a href=\"mailto:contact@myrandomshirt.com\">contact@myrandomshirt.com<\/a> et y joindre une preuve d\u2019envoi. Notre adresse de retour est la suivante\u00a0: My Random Shirt, 19 Lotissement La Plaine, 38\u00a0420 LE VERSOUD.<\/p>\n<p>Vous avez la possibilit\u00e9 de choisir entre un remboursement complet dans un d\u00e9lai de 28 jours (par virement bancaire apr\u00e8s bonne r\u00e9ception du produit retourn\u00e9) et un bon d\u2019achat du montant de la commande initiale.<\/p>\n<p>My Random Shirt se donne le droit de refuser le remboursement si le produit retourn\u00e9 est endommag\u00e9 de mani\u00e8re quelconque.<\/p>\n<p>[\/et_pb_text][\/et_pb_column][\/et_pb_row][\/et_pb_section]<\/p>\n","protected":false},"excerpt":{"rendered":"<p>[et_pb_section fb_built=\u00a0\u00bb1&Prime; _builder_version=\u00a0\u00bb4.9.4&Prime; _module_preset=\u00a0\u00bbdefault\u00a0\u00bb][et_pb_row _builder_version=\u00a0\u00bb4.9.4&Prime; _module_preset=\u00a0\u00bbdefault\u00a0\u00bb][et_pb_column type=\u00a0\u00bb4_4&Prime; _builder_version=\u00a0\u00bb4.9.4&Prime; _module_preset=\u00a0\u00bbdefault\u00a0\u00bb][et_pb_text _builder_version=\u00a0\u00bb4.9.4&Prime; _module_preset=\u00a0\u00bbdefault\u00a0\u00bb text_font=\u00a0\u00bbMasiva Bold||||||||\u00a0\u00bb text_text_color=\u00a0\u00bb#242552&Prime; text_font_size=\u00a0\u00bb30px\u00a0\u00bb text_orientation=\u00a0\u00bbcenter\u00a0\u00bb hover_enabled=\u00a0\u00bb0&Prime; sticky_enabled=\u00a0\u00bb0&Prime;]Politique de retour[\/et_pb_text][et_pb_text _builder_version=\u00a0\u00bb4.9.4&Prime; _module_preset=\u00a0\u00bbdefault\u00a0\u00bb text_font=\u00a0\u00bbMasiva||||||||\u00a0\u00bb text_text_color=\u00a0\u00bb#242552&Prime; text_font_size=\u00a0\u00bb16px\u00a0\u00bb text_orientation=\u00a0\u00bbjustified\u00a0\u00bb hover_enabled=\u00a0\u00bb0&Prime; sticky_enabled=\u00a0\u00bb0&Prime;] Chez My Random Shirt chaque commande livr\u00e9e doit correspondre \u00e0 ce qui a \u00e9t\u00e9 command\u00e9. Mais nous savons que les choses ne se passent pas toujours comme [&hellip;]<\/p>\n","protected":false},"author":1,"featured_media":0,"parent":0,"menu_order":0,"comment_status":"closed","ping_status":"closed","template":"","meta":{"_et_pb_use_builder":"on","_et_pb_old_content":"","_et_gb_content_width":"","footnotes":""},"class_list":["post-78","page","type-page","status-publish","hentry"],"yoast_head":"<!-- This site is optimized with the Yoast SEO plugin v27.5 - https:\/\/yoast.com\/product\/yoast-seo-wordpress\/ -->\n<title>Politique de retour - MyRandomShirt<\/title>\n<meta name=\"robots\" content=\"index, follow, max-snippet:-1, max-image-preview:large, max-video-preview:-1\" \/>\n<link rel=\"canonical\" href=\"https:\/\/myrandomshirt.com\/en\/politique-de-retour\/\" \/>\n<meta property=\"og:locale\" content=\"en_GB\" \/>\n<meta property=\"og:type\" content=\"article\" \/>\n<meta property=\"og:title\" content=\"Politique de retour - MyRandomShirt\" \/>\n<meta property=\"og:description\" content=\"[et_pb_section fb_built=\u00a0\u00bb1&Prime; _builder_version=\u00a0\u00bb4.9.4&Prime; _module_preset=\u00a0\u00bbdefault\u00a0\u00bb][et_pb_row _builder_version=\u00a0\u00bb4.9.4&Prime; _module_preset=\u00a0\u00bbdefault\u00a0\u00bb][et_pb_column type=\u00a0\u00bb4_4&Prime; _builder_version=\u00a0\u00bb4.9.4&Prime; _module_preset=\u00a0\u00bbdefault\u00a0\u00bb][et_pb_text _builder_version=\u00a0\u00bb4.9.4&Prime; _module_preset=\u00a0\u00bbdefault\u00a0\u00bb text_font=\u00a0\u00bbMasiva Bold||||||||\u00a0\u00bb text_text_color=\u00a0\u00bb#242552&Prime; text_font_size=\u00a0\u00bb30px\u00a0\u00bb text_orientation=\u00a0\u00bbcenter\u00a0\u00bb hover_enabled=\u00a0\u00bb0&Prime; sticky_enabled=\u00a0\u00bb0&Prime;]Politique de retour[\/et_pb_text][et_pb_text _builder_version=\u00a0\u00bb4.9.4&Prime; _module_preset=\u00a0\u00bbdefault\u00a0\u00bb text_font=\u00a0\u00bbMasiva||||||||\u00a0\u00bb text_text_color=\u00a0\u00bb#242552&Prime; text_font_size=\u00a0\u00bb16px\u00a0\u00bb text_orientation=\u00a0\u00bbjustified\u00a0\u00bb hover_enabled=\u00a0\u00bb0&Prime; sticky_enabled=\u00a0\u00bb0&Prime;] Chez My Random Shirt chaque commande livr\u00e9e doit correspondre \u00e0 ce qui a \u00e9t\u00e9 command\u00e9. Mais nous savons que les choses ne se passent pas toujours comme [&hellip;]\" \/>\n<meta property=\"og:url\" content=\"https:\/\/myrandomshirt.com\/en\/politique-de-retour\/\" \/>\n<meta property=\"og:site_name\" content=\"MyRandomShirt\" \/>\n<meta property=\"article:modified_time\" content=\"2021-05-08T14:32:21+00:00\" \/>\n<meta name=\"twitter:card\" content=\"summary_large_image\" \/>\n<meta name=\"twitter:label1\" content=\"Estimated reading time\" \/>\n\t<meta name=\"twitter:data1\" content=\"2 minutes\" \/>\n<script type=\"application\/ld+json\" class=\"yoast-schema-graph\">{\"@context\":\"https:\\\/\\\/schema.org\",\"@graph\":[{\"@type\":\"WebPage\",\"@id\":\"https:\\\/\\\/myrandomshirt.com\\\/politique-de-retour\\\/\",\"url\":\"https:\\\/\\\/myrandomshirt.com\\\/politique-de-retour\\\/\",\"name\":\"Politique de retour - MyRandomShirt\",\"isPartOf\":{\"@id\":\"https:\\\/\\\/myrandomshirt.com\\\/#website\"},\"datePublished\":\"2021-03-29T11:17:54+00:00\",\"dateModified\":\"2021-05-08T14:32:21+00:00\",\"breadcrumb\":{\"@id\":\"https:\\\/\\\/myrandomshirt.com\\\/politique-de-retour\\\/#breadcrumb\"},\"inLanguage\":\"en-GB\",\"potentialAction\":[{\"@type\":\"ReadAction\",\"target\":[\"https:\\\/\\\/myrandomshirt.com\\\/politique-de-retour\\\/\"]}]},{\"@type\":\"BreadcrumbList\",\"@id\":\"https:\\\/\\\/myrandomshirt.com\\\/politique-de-retour\\\/#breadcrumb\",\"itemListElement\":[{\"@type\":\"ListItem\",\"position\":1,\"name\":\"Accueil\",\"item\":\"https:\\\/\\\/myrandomshirt.com\\\/\"},{\"@type\":\"ListItem\",\"position\":2,\"name\":\"Politique de retour\"}]},{\"@type\":\"WebSite\",\"@id\":\"https:\\\/\\\/myrandomshirt.com\\\/#website\",\"url\":\"https:\\\/\\\/myrandomshirt.com\\\/\",\"name\":\"MyRandomShirt\",\"description\":\"\",\"potentialAction\":[{\"@type\":\"SearchAction\",\"target\":{\"@type\":\"EntryPoint\",\"urlTemplate\":\"https:\\\/\\\/myrandomshirt.com\\\/?s={search_term_string}\"},\"query-input\":{\"@type\":\"PropertyValueSpecification\",\"valueRequired\":true,\"valueName\":\"search_term_string\"}}],\"inLanguage\":\"en-GB\"}]}<\/script>\n<!-- \/ Yoast SEO plugin. -->","yoast_head_json":{"title":"Politique de retour - MyRandomShirt","robots":{"index":"index","follow":"follow","max-snippet":"max-snippet:-1","max-image-preview":"max-image-preview:large","max-video-preview":"max-video-preview:-1"},"canonical":"https:\/\/myrandomshirt.com\/en\/politique-de-retour\/","og_locale":"en_GB","og_type":"article","og_title":"Politique de retour - MyRandomShirt","og_description":"[et_pb_section fb_built=\u00a0\u00bb1&Prime; _builder_version=\u00a0\u00bb4.9.4&Prime; _module_preset=\u00a0\u00bbdefault\u00a0\u00bb][et_pb_row _builder_version=\u00a0\u00bb4.9.4&Prime; _module_preset=\u00a0\u00bbdefault\u00a0\u00bb][et_pb_column type=\u00a0\u00bb4_4&Prime; _builder_version=\u00a0\u00bb4.9.4&Prime; _module_preset=\u00a0\u00bbdefault\u00a0\u00bb][et_pb_text _builder_version=\u00a0\u00bb4.9.4&Prime; _module_preset=\u00a0\u00bbdefault\u00a0\u00bb text_font=\u00a0\u00bbMasiva Bold||||||||\u00a0\u00bb text_text_color=\u00a0\u00bb#242552&Prime; text_font_size=\u00a0\u00bb30px\u00a0\u00bb text_orientation=\u00a0\u00bbcenter\u00a0\u00bb hover_enabled=\u00a0\u00bb0&Prime; sticky_enabled=\u00a0\u00bb0&Prime;]Politique de retour[\/et_pb_text][et_pb_text _builder_version=\u00a0\u00bb4.9.4&Prime; _module_preset=\u00a0\u00bbdefault\u00a0\u00bb text_font=\u00a0\u00bbMasiva||||||||\u00a0\u00bb text_text_color=\u00a0\u00bb#242552&Prime; text_font_size=\u00a0\u00bb16px\u00a0\u00bb text_orientation=\u00a0\u00bbjustified\u00a0\u00bb hover_enabled=\u00a0\u00bb0&Prime; sticky_enabled=\u00a0\u00bb0&Prime;] Chez My Random Shirt chaque commande livr\u00e9e doit correspondre \u00e0 ce qui a \u00e9t\u00e9 command\u00e9. Mais nous savons que les choses ne se passent pas toujours comme [&hellip;]","og_url":"https:\/\/myrandomshirt.com\/en\/politique-de-retour\/","og_site_name":"MyRandomShirt","article_modified_time":"2021-05-08T14:32:21+00:00","twitter_card":"summary_large_image","twitter_misc":{"Estimated reading time":"2 minutes"},"schema":{"@context":"https:\/\/schema.org","@graph":[{"@type":"WebPage","@id":"https:\/\/myrandomshirt.com\/politique-de-retour\/","url":"https:\/\/myrandomshirt.com\/politique-de-retour\/","name":"Politique de retour - MyRandomShirt","isPartOf":{"@id":"https:\/\/myrandomshirt.com\/#website"},"datePublished":"2021-03-29T11:17:54+00:00","dateModified":"2021-05-08T14:32:21+00:00","breadcrumb":{"@id":"https:\/\/myrandomshirt.com\/politique-de-retour\/#breadcrumb"},"inLanguage":"en-GB","potentialAction":[{"@type":"ReadAction","target":["https:\/\/myrandomshirt.com\/politique-de-retour\/"]}]},{"@type":"BreadcrumbList","@id":"https:\/\/myrandomshirt.com\/politique-de-retour\/#breadcrumb","itemListElement":[{"@type":"ListItem","position":1,"name":"Accueil","item":"https:\/\/myrandomshirt.com\/"},{"@type":"ListItem","position":2,"name":"Politique de retour"}]},{"@type":"WebSite","@id":"https:\/\/myrandomshirt.com\/#website","url":"https:\/\/myrandomshirt.com\/","name":"MyRandomShirt","description":"","potentialAction":[{"@type":"SearchAction","target":{"@type":"EntryPoint","urlTemplate":"https:\/\/myrandomshirt.com\/?s={search_term_string}"},"query-input":{"@type":"PropertyValueSpecification","valueRequired":true,"valueName":"search_term_string"}}],"inLanguage":"en-GB"}]}},"_links":{"self":[{"href":"https:\/\/myrandomshirt.com\/en\/wp-json\/wp\/v2\/pages\/78","targetHints":{"allow":["GET"]}}],"collection":[{"href":"https:\/\/myrandomshirt.com\/en\/wp-json\/wp\/v2\/pages"}],"about":[{"href":"https:\/\/myrandomshirt.com\/en\/wp-json\/wp\/v2\/types\/page"}],"author":[{"embeddable":true,"href":"https:\/\/myrandomshirt.com\/en\/wp-json\/wp\/v2\/users\/1"}],"replies":[{"embeddable":true,"href":"https:\/\/myrandomshirt.com\/en\/wp-json\/wp\/v2\/comments?post=78"}],"version-history":[{"count":9,"href":"https:\/\/myrandomshirt.com\/en\/wp-json\/wp\/v2\/pages\/78\/revisions"}],"predecessor-version":[{"id":846,"href":"https:\/\/myrandomshirt.com\/en\/wp-json\/wp\/v2\/pages\/78\/revisions\/846"}],"wp:attachment":[{"href":"https:\/\/myrandomshirt.com\/en\/wp-json\/wp\/v2\/media?parent=78"}],"curies":[{"name":"wp","href":"https:\/\/api.w.org\/{rel}","templated":true}]}}