{"id":64,"date":"2021-03-29T12:11:55","date_gmt":"2021-03-29T10:11:55","guid":{"rendered":"http:\/\/comingsoon.myrandomshirt.com\/?page_id=64"},"modified":"2021-05-08T16:12:53","modified_gmt":"2021-05-08T14:12:53","slug":"a-propos","status":"publish","type":"page","link":"https:\/\/myrandomshirt.com\/en\/a-propos\/","title":{"rendered":"About Us"},"content":{"rendered":"<p>[et_pb_section fb_built=\u00a0\u00bb1&Prime; _builder_version=\u00a0\u00bb4.9.4&Prime; _module_preset=\u00a0\u00bbdefault\u00a0\u00bb hover_enabled=\u00a0\u00bb0&Prime; sticky_enabled=\u00a0\u00bb0&Prime;][et_pb_row _builder_version=\u00a0\u00bb4.9.4&Prime; _module_preset=\u00a0\u00bbdefault\u00a0\u00bb][et_pb_column type=\u00a0\u00bb4_4&Prime; _builder_version=\u00a0\u00bb4.9.4&Prime; _module_preset=\u00a0\u00bbdefault\u00a0\u00bb][et_pb_text _builder_version=\u00a0\u00bb4.9.4&Prime; _module_preset=\u00a0\u00bbdefault\u00a0\u00bb text_font=\u00a0\u00bbMasiva Bold||||||||\u00a0\u00bb text_text_color=\u00a0\u00bb#242552&Prime; text_font_size=\u00a0\u00bb30px\u00a0\u00bb text_orientation=\u00a0\u00bbcenter\u00a0\u00bb hover_enabled=\u00a0\u00bb0&Prime; sticky_enabled=\u00a0\u00bb0&Prime;]<\/p>\n<p>\u00c0 Propos<\/p>\n<p>[\/et_pb_text][et_pb_text _builder_version=\u00a0\u00bb4.9.4&Prime; _module_preset=\u00a0\u00bbdefault\u00a0\u00bb text_font=\u00a0\u00bbMasiva||||||||\u00a0\u00bb text_text_color=\u00a0\u00bb#242552&Prime; text_font_size=\u00a0\u00bb16px\u00a0\u00bb text_orientation=\u00a0\u00bbjustified\u00a0\u00bb hover_enabled=\u00a0\u00bb0&Prime; sticky_enabled=\u00a0\u00bb0&Prime;]<\/p>\n<p>My Random Shirt c\u2019est pouvoir commander un maillot officiel sans avoir la moindre id\u00e9e du mod\u00e8le que l\u2019on va recevoir. Il suffit de connaitre sa taille et de se laisser surprendre&#8230; Mais pas de panique, il est possible d\u2019exclure des maillots que vous ne souhaitez absolument pas ! Notre \u00e9quipe s\u2019est lanc\u00e9e dans ce projet un peu fou en se basant sur le mod\u00e8le anglais (qui cartonne outre-mer) et en l\u2019exportant en France.<\/p>\n<p>Pour My Random Shirt, rien n\u2019est plus beau qu\u2019un maillot de football. Lorsque l\u2019\u00e9quipe voyage \u00e0 l\u2019\u00e9tranger, impossible de ne pas acheter le maillot de la ville visit\u00e9e. C\u2019est quand m\u00eame beaucoup plus styl\u00e9 qu\u2019une boule \u00e0 neige (D\u00e9sol\u00e9 pour tous nos amis chionosph\u00e9rophiles). Malheureusement, nous n\u2019avons pas forc\u00e9ment les moyens ni le temps de voyager toutes les semaines et encore moins en cette p\u00e9riode de pand\u00e9mie (\u00e0 notre grand regret).<\/p>\n<p>C\u2019est comme \u00e7a que le concept My Random Shirt est n\u00e9\u00a0: \u00ab\u00a0Est-ce que ce ne serait pas trop cool de recevoir un maillot au hasard\u00a0d\u2019une ville ou d\u2019un club qui m\u2019est peut-\u00eatre totalement inconnu ?\u00a0\u00bb &#8211; Pour nous oui, et c\u2019est ce que l\u2019on vous propose aujourd\u2019hui. Que vous soyez un fan de football inv\u00e9t\u00e9r\u00e9 en recherche de nouvelles pi\u00e8ces, un n\u00e9ophyte cherchant \u00e0 d\u00e9couvrir de nouvelles \u00e9quipes ou encore un ami\/\u00e9poux\/parent \u00e0 la recherche du cadeau parfait, My Random Shirt a \u00e9t\u00e9 pens\u00e9 pour vous. Et on esp\u00e8re que \u00e7a vous plaira.<\/p>\n<p>Si vous avez des questions ou des remarques n\u2019h\u00e9sitez pas \u00e0 nous en faire part par mail (<a href=\"mailto:contact@myrandomshirt.com\">contact@myrandomshirt.com<\/a>) ou sur nos r\u00e9seaux sociaux\u00a0!<br \/>N\u2019oubliez pas, la chance sourit aux audacieux.<\/p>\n<p>[\/et_pb_text][et_pb_image src=\u00a0\u00bbhttps:\/\/myrandomshirt.com\/wp-content\/uploads\/2021\/04\/image1.png\u00a0\u00bb title_text=\u00a0\u00bbimage1&Prime; _builder_version=\u00a0\u00bb4.9.4&Prime; _module_preset=\u00a0\u00bbdefault\u00a0\u00bb width=\u00a0\u00bb60%\u00a0\u00bb module_alignment=\u00a0\u00bbcenter\u00a0\u00bb][\/et_pb_image][\/et_pb_column][\/et_pb_row][\/et_pb_section]<\/p>\n","protected":false},"excerpt":{"rendered":"<p>[et_pb_section fb_built=\u00a0\u00bb1&Prime; _builder_version=\u00a0\u00bb4.9.4&Prime; _module_preset=\u00a0\u00bbdefault\u00a0\u00bb hover_enabled=\u00a0\u00bb0&Prime; sticky_enabled=\u00a0\u00bb0&Prime;][et_pb_row _builder_version=\u00a0\u00bb4.9.4&Prime; _module_preset=\u00a0\u00bbdefault\u00a0\u00bb][et_pb_column type=\u00a0\u00bb4_4&Prime; _builder_version=\u00a0\u00bb4.9.4&Prime; _module_preset=\u00a0\u00bbdefault\u00a0\u00bb][et_pb_text _builder_version=\u00a0\u00bb4.9.4&Prime; _module_preset=\u00a0\u00bbdefault\u00a0\u00bb text_font=\u00a0\u00bbMasiva Bold||||||||\u00a0\u00bb text_text_color=\u00a0\u00bb#242552&Prime; text_font_size=\u00a0\u00bb30px\u00a0\u00bb text_orientation=\u00a0\u00bbcenter\u00a0\u00bb hover_enabled=\u00a0\u00bb0&Prime; sticky_enabled=\u00a0\u00bb0&Prime;] \u00c0 Propos [\/et_pb_text][et_pb_text _builder_version=\u00a0\u00bb4.9.4&Prime; _module_preset=\u00a0\u00bbdefault\u00a0\u00bb text_font=\u00a0\u00bbMasiva||||||||\u00a0\u00bb text_text_color=\u00a0\u00bb#242552&Prime; text_font_size=\u00a0\u00bb16px\u00a0\u00bb text_orientation=\u00a0\u00bbjustified\u00a0\u00bb hover_enabled=\u00a0\u00bb0&Prime; sticky_enabled=\u00a0\u00bb0&Prime;] My Random Shirt c\u2019est pouvoir commander un maillot officiel sans avoir la moindre id\u00e9e du mod\u00e8le que l\u2019on va recevoir. Il suffit de connaitre [&hellip;]<\/p>\n","protected":false},"author":1,"featured_media":0,"parent":0,"menu_order":0,"comment_status":"closed","ping_status":"closed","template":"","meta":{"_et_pb_use_builder":"on","_et_pb_old_content":"","_et_gb_content_width":"","footnotes":""},"class_list":["post-64","page","type-page","status-publish","hentry"],"yoast_head":"<!-- This site is optimized with the Yoast SEO plugin v27.5 - https:\/\/yoast.com\/product\/yoast-seo-wordpress\/ -->\n<title>\u00c0 Propos - MyRandomShirt<\/title>\n<meta name=\"robots\" content=\"index, follow, max-snippet:-1, max-image-preview:large, max-video-preview:-1\" \/>\n<link rel=\"canonical\" href=\"https:\/\/myrandomshirt.com\/en\/a-propos\/\" \/>\n<meta property=\"og:locale\" content=\"en_GB\" \/>\n<meta property=\"og:type\" content=\"article\" \/>\n<meta property=\"og:title\" content=\"\u00c0 Propos - MyRandomShirt\" \/>\n<meta property=\"og:description\" content=\"[et_pb_section fb_built=\u00a0\u00bb1&Prime; _builder_version=\u00a0\u00bb4.9.4&Prime; _module_preset=\u00a0\u00bbdefault\u00a0\u00bb hover_enabled=\u00a0\u00bb0&Prime; sticky_enabled=\u00a0\u00bb0&Prime;][et_pb_row _builder_version=\u00a0\u00bb4.9.4&Prime; _module_preset=\u00a0\u00bbdefault\u00a0\u00bb][et_pb_column type=\u00a0\u00bb4_4&Prime; _builder_version=\u00a0\u00bb4.9.4&Prime; _module_preset=\u00a0\u00bbdefault\u00a0\u00bb][et_pb_text _builder_version=\u00a0\u00bb4.9.4&Prime; _module_preset=\u00a0\u00bbdefault\u00a0\u00bb text_font=\u00a0\u00bbMasiva Bold||||||||\u00a0\u00bb text_text_color=\u00a0\u00bb#242552&Prime; text_font_size=\u00a0\u00bb30px\u00a0\u00bb text_orientation=\u00a0\u00bbcenter\u00a0\u00bb hover_enabled=\u00a0\u00bb0&Prime; sticky_enabled=\u00a0\u00bb0&Prime;] \u00c0 Propos [\/et_pb_text][et_pb_text _builder_version=\u00a0\u00bb4.9.4&Prime; _module_preset=\u00a0\u00bbdefault\u00a0\u00bb text_font=\u00a0\u00bbMasiva||||||||\u00a0\u00bb text_text_color=\u00a0\u00bb#242552&Prime; text_font_size=\u00a0\u00bb16px\u00a0\u00bb text_orientation=\u00a0\u00bbjustified\u00a0\u00bb hover_enabled=\u00a0\u00bb0&Prime; sticky_enabled=\u00a0\u00bb0&Prime;] My Random Shirt c\u2019est pouvoir commander un maillot officiel sans avoir la moindre id\u00e9e du mod\u00e8le que l\u2019on va recevoir. Il suffit de connaitre [&hellip;]\" \/>\n<meta property=\"og:url\" content=\"https:\/\/myrandomshirt.com\/en\/a-propos\/\" \/>\n<meta property=\"og:site_name\" content=\"MyRandomShirt\" \/>\n<meta property=\"article:modified_time\" content=\"2021-05-08T14:12:53+00:00\" \/>\n<meta name=\"twitter:card\" content=\"summary_large_image\" \/>\n<meta name=\"twitter:label1\" content=\"Estimated reading time\" \/>\n\t<meta name=\"twitter:data1\" content=\"2 minutes\" \/>\n<script type=\"application\/ld+json\" class=\"yoast-schema-graph\">{\"@context\":\"https:\\\/\\\/schema.org\",\"@graph\":[{\"@type\":\"WebPage\",\"@id\":\"https:\\\/\\\/myrandomshirt.com\\\/a-propos\\\/\",\"url\":\"https:\\\/\\\/myrandomshirt.com\\\/a-propos\\\/\",\"name\":\"\u00c0 Propos - MyRandomShirt\",\"isPartOf\":{\"@id\":\"https:\\\/\\\/myrandomshirt.com\\\/#website\"},\"datePublished\":\"2021-03-29T10:11:55+00:00\",\"dateModified\":\"2021-05-08T14:12:53+00:00\",\"breadcrumb\":{\"@id\":\"https:\\\/\\\/myrandomshirt.com\\\/a-propos\\\/#breadcrumb\"},\"inLanguage\":\"en-GB\",\"potentialAction\":[{\"@type\":\"ReadAction\",\"target\":[\"https:\\\/\\\/myrandomshirt.com\\\/a-propos\\\/\"]}]},{\"@type\":\"BreadcrumbList\",\"@id\":\"https:\\\/\\\/myrandomshirt.com\\\/a-propos\\\/#breadcrumb\",\"itemListElement\":[{\"@type\":\"ListItem\",\"position\":1,\"name\":\"Accueil\",\"item\":\"https:\\\/\\\/myrandomshirt.com\\\/\"},{\"@type\":\"ListItem\",\"position\":2,\"name\":\"\u00c0 Propos\"}]},{\"@type\":\"WebSite\",\"@id\":\"https:\\\/\\\/myrandomshirt.com\\\/#website\",\"url\":\"https:\\\/\\\/myrandomshirt.com\\\/\",\"name\":\"MyRandomShirt\",\"description\":\"\",\"potentialAction\":[{\"@type\":\"SearchAction\",\"target\":{\"@type\":\"EntryPoint\",\"urlTemplate\":\"https:\\\/\\\/myrandomshirt.com\\\/?s={search_term_string}\"},\"query-input\":{\"@type\":\"PropertyValueSpecification\",\"valueRequired\":true,\"valueName\":\"search_term_string\"}}],\"inLanguage\":\"en-GB\"}]}<\/script>\n<!-- \/ Yoast SEO plugin. -->","yoast_head_json":{"title":"\u00c0 Propos - MyRandomShirt","robots":{"index":"index","follow":"follow","max-snippet":"max-snippet:-1","max-image-preview":"max-image-preview:large","max-video-preview":"max-video-preview:-1"},"canonical":"https:\/\/myrandomshirt.com\/en\/a-propos\/","og_locale":"en_GB","og_type":"article","og_title":"\u00c0 Propos - MyRandomShirt","og_description":"[et_pb_section fb_built=\u00a0\u00bb1&Prime; _builder_version=\u00a0\u00bb4.9.4&Prime; _module_preset=\u00a0\u00bbdefault\u00a0\u00bb hover_enabled=\u00a0\u00bb0&Prime; sticky_enabled=\u00a0\u00bb0&Prime;][et_pb_row _builder_version=\u00a0\u00bb4.9.4&Prime; _module_preset=\u00a0\u00bbdefault\u00a0\u00bb][et_pb_column type=\u00a0\u00bb4_4&Prime; _builder_version=\u00a0\u00bb4.9.4&Prime; _module_preset=\u00a0\u00bbdefault\u00a0\u00bb][et_pb_text _builder_version=\u00a0\u00bb4.9.4&Prime; _module_preset=\u00a0\u00bbdefault\u00a0\u00bb text_font=\u00a0\u00bbMasiva Bold||||||||\u00a0\u00bb text_text_color=\u00a0\u00bb#242552&Prime; text_font_size=\u00a0\u00bb30px\u00a0\u00bb text_orientation=\u00a0\u00bbcenter\u00a0\u00bb hover_enabled=\u00a0\u00bb0&Prime; sticky_enabled=\u00a0\u00bb0&Prime;] \u00c0 Propos [\/et_pb_text][et_pb_text _builder_version=\u00a0\u00bb4.9.4&Prime; _module_preset=\u00a0\u00bbdefault\u00a0\u00bb text_font=\u00a0\u00bbMasiva||||||||\u00a0\u00bb text_text_color=\u00a0\u00bb#242552&Prime; text_font_size=\u00a0\u00bb16px\u00a0\u00bb text_orientation=\u00a0\u00bbjustified\u00a0\u00bb hover_enabled=\u00a0\u00bb0&Prime; sticky_enabled=\u00a0\u00bb0&Prime;] My Random Shirt c\u2019est pouvoir commander un maillot officiel sans avoir la moindre id\u00e9e du mod\u00e8le que l\u2019on va recevoir. Il suffit de connaitre [&hellip;]","og_url":"https:\/\/myrandomshirt.com\/en\/a-propos\/","og_site_name":"MyRandomShirt","article_modified_time":"2021-05-08T14:12:53+00:00","twitter_card":"summary_large_image","twitter_misc":{"Estimated reading time":"2 minutes"},"schema":{"@context":"https:\/\/schema.org","@graph":[{"@type":"WebPage","@id":"https:\/\/myrandomshirt.com\/a-propos\/","url":"https:\/\/myrandomshirt.com\/a-propos\/","name":"\u00c0 Propos - MyRandomShirt","isPartOf":{"@id":"https:\/\/myrandomshirt.com\/#website"},"datePublished":"2021-03-29T10:11:55+00:00","dateModified":"2021-05-08T14:12:53+00:00","breadcrumb":{"@id":"https:\/\/myrandomshirt.com\/a-propos\/#breadcrumb"},"inLanguage":"en-GB","potentialAction":[{"@type":"ReadAction","target":["https:\/\/myrandomshirt.com\/a-propos\/"]}]},{"@type":"BreadcrumbList","@id":"https:\/\/myrandomshirt.com\/a-propos\/#breadcrumb","itemListElement":[{"@type":"ListItem","position":1,"name":"Accueil","item":"https:\/\/myrandomshirt.com\/"},{"@type":"ListItem","position":2,"name":"\u00c0 Propos"}]},{"@type":"WebSite","@id":"https:\/\/myrandomshirt.com\/#website","url":"https:\/\/myrandomshirt.com\/","name":"MyRandomShirt","description":"","potentialAction":[{"@type":"SearchAction","target":{"@type":"EntryPoint","urlTemplate":"https:\/\/myrandomshirt.com\/?s={search_term_string}"},"query-input":{"@type":"PropertyValueSpecification","valueRequired":true,"valueName":"search_term_string"}}],"inLanguage":"en-GB"}]}},"_links":{"self":[{"href":"https:\/\/myrandomshirt.com\/en\/wp-json\/wp\/v2\/pages\/64","targetHints":{"allow":["GET"]}}],"collection":[{"href":"https:\/\/myrandomshirt.com\/en\/wp-json\/wp\/v2\/pages"}],"about":[{"href":"https:\/\/myrandomshirt.com\/en\/wp-json\/wp\/v2\/types\/page"}],"author":[{"embeddable":true,"href":"https:\/\/myrandomshirt.com\/en\/wp-json\/wp\/v2\/users\/1"}],"replies":[{"embeddable":true,"href":"https:\/\/myrandomshirt.com\/en\/wp-json\/wp\/v2\/comments?post=64"}],"version-history":[{"count":11,"href":"https:\/\/myrandomshirt.com\/en\/wp-json\/wp\/v2\/pages\/64\/revisions"}],"predecessor-version":[{"id":828,"href":"https:\/\/myrandomshirt.com\/en\/wp-json\/wp\/v2\/pages\/64\/revisions\/828"}],"wp:attachment":[{"href":"https:\/\/myrandomshirt.com\/en\/wp-json\/wp\/v2\/media?parent=64"}],"curies":[{"name":"wp","href":"https:\/\/api.w.org\/{rel}","templated":true}]}}