{"id":492,"date":"2021-04-21T11:09:04","date_gmt":"2021-04-21T09:09:04","guid":{"rendered":"http:\/\/comingsoon.myrandomshirt.com\/?page_id=492"},"modified":"2021-05-08T17:42:20","modified_gmt":"2021-05-08T15:42:20","slug":"faq","status":"publish","type":"page","link":"https:\/\/myrandomshirt.com\/en\/faq\/","title":{"rendered":"FAQ"},"content":{"rendered":"<p>[et_pb_section fb_built=\u00a0\u00bb1&Prime; _builder_version=\u00a0\u00bb4.9.4&Prime; _module_preset=\u00a0\u00bbdefault\u00a0\u00bb][et_pb_row _builder_version=\u00a0\u00bb4.9.4&Prime; _module_preset=\u00a0\u00bbdefault\u00a0\u00bb][et_pb_column type=\u00a0\u00bb4_4&Prime; _builder_version=\u00a0\u00bb4.9.4&Prime; _module_preset=\u00a0\u00bbdefault\u00a0\u00bb][et_pb_text _builder_version=\u00a0\u00bb4.9.4&Prime; _module_preset=\u00a0\u00bbdefault\u00a0\u00bb text_font=\u00a0\u00bbMasiva Bold||||||||\u00a0\u00bb text_text_color=\u00a0\u00bb#242552&Prime; text_font_size=\u00a0\u00bb30px\u00a0\u00bb text_orientation=\u00a0\u00bbcenter\u00a0\u00bb]<\/p>\n<p>Foire Aux Questions (FAQ)<\/p>\n<p>[\/et_pb_text][et_pb_text _builder_version=\u00a0\u00bb4.9.4&Prime; _module_preset=\u00a0\u00bbdefault\u00a0\u00bb text_font=\u00a0\u00bbMasiva||||||||\u00a0\u00bb text_text_color=\u00a0\u00bb#232453&Prime; text_font_size=\u00a0\u00bb16px\u00a0\u00bb header_text_color=\u00a0\u00bb#232453&Prime; hover_enabled=\u00a0\u00bb0&Prime; sticky_enabled=\u00a0\u00bb0&Prime;]<\/p>\n<h3 style=\"text-align: justify;\">Hey, mais c\u2019est quoi votre truc My Random Machin chouette\u00a0?<\/h3>\n<p style=\"text-align: justify;\">C\u2019est simple, sur My Random Shirt il n\u2019y a qu\u2019un produit \u00e0 acheter, c\u2019est une boite. Mais pas n\u2019importe quelle boite Harry\u00a0!! Dans cette boite vous retrouverez un maillot de football choisis totalement au hasard par nos soins (en fonction de la taille que vous aurez s\u00e9lectionnez) et qui pourra \u00eatre de n\u2019importe quel club ou \u00e9quipes nationales depuis 2015\u00a0!<\/p>\n<h3 style=\"text-align: justify;\">OK mais pourquoi j\u2019ach\u00e8terai une boite alors que je ne sais pas ce qu\u2019il y\u2019a dedans\u00a0?<\/h3>\n<p style=\"text-align: justify;\">Si vous vous attendez \u00e0 recevoir un maillot de Rugby vous risquez d\u2019\u00eatre d\u00e9\u00e7u car My Random Shirt n\u2019est pas vraiment branch\u00e9 ballon ovale ! Mais si vous \u00eates un v\u00e9ritable fan de foot (ou pas), que vous aimez le voyage et la d\u00e9couverte vous serez combl\u00e9. My Random Shirt vous donne l\u2019occasion de poss\u00e9der des maillots qu\u2019aucunes de vos connaissances n\u2019auront. Ce sera peut-\u00eatre aussi l\u2019occasion de vous int\u00e9resser \u00e0 la D2 Tch\u00e8que qui sait&#8230; Ou alors encore mieux, vous avez un conjoint\/enfant\/ami qui aime le football, un cadeau \u00e0 lui faire, vous n\u2019avez aucune id\u00e9e de quoi lui offrir et 40 \u20ac de budget ! Cadeau r\u00e9ussi garantit !<\/p>\n<h3 style=\"text-align: justify;\">OK mais moi je ne veux pas du maillot de [Entrez le Nom de l\u2019Equipe que l\u2019on d\u00e9teste]\u00a0!<\/h3>\n<p style=\"text-align: justify;\">Pas de panique\u00a0! My Random Shirt vous laisse la possibilit\u00e9 d\u2019exclure un club ou un championnat que vous ne souhaitez absolument pas retrouver dans votre boite. My Random Shirt est d\u2019abord l\u00e0 pour vous faire plaisir\u00a0!<\/p>\n<h3 style=\"text-align: justify;\">Ok mais vos maillots sont-ils authentiques\u00a0?<\/h3>\n<p style=\"text-align: justify;\">My Random Shirt vous garantit que les maillots exp\u00e9di\u00e9s sont tous 100% authentiques. Pas de DH Gate ou d\u2019Ali Express chez nous. On vous certifie solennellement que le maillot que vous allez recevoir (qui aura d\u2019ailleurs son \u00e9tiquette officielle) est issu d\u2019un \u00e9quipementier agr\u00e9e.<br \/>On en profite pour rappeler que la contrefa\u00e7on peut engendrer des sanctions p\u00e9nales allant jusqu\u2019\u00e0 300\u00a0000 \u20ac d\u2019amendes et 3 ans de prison (Article L716-10 du code de la propri\u00e9t\u00e9 intellectuelle). On est moyen chaud.<\/p>\n<h3 style=\"text-align: justify;\">Ok ils sont authentiques, mais est-ce qu\u2019ils sont neufs\u00a0?<\/h3>\n<p style=\"text-align: justify;\">Effectivement. Tous les maillots sont neufs, My Random Shirt les re\u00e7oit sous blister, mais pour des questions de packaging il est possible que ce blister soit retir\u00e9 dans la boite. Mais ils sont garantis neufs, sans t\u00e2ches et sans odeurs. Promis ils ne sont pas r\u00e9cup\u00e9r\u00e9s dans les vestiaires du five pendant que nos co\u00e9quipiers se changent. D\u2019ailleurs My Random Shirt esp\u00e8re que votre nouveau maillot vous fera bosser votre cardio. Un esprit sain dans un corps sain.<\/p>\n<h3 style=\"text-align: justify;\">Ok mais niveau livraison combien \u00e7a me coute\u00a0?<\/h3>\n<p style=\"text-align: justify;\">Alors tout d\u00e9pend du transporteur choisi, si vous souhaitez passer par Colissimo les co\u00fbts de livraisons sont de 4,99 \u20ac TTC alors que si vous optez pour Chronopost (Point Relais et Consignes Pick Up en 24h) ce sera 8,5 \u20ac TTC en France M\u00e9tropolitaine. Vous habitez \u00e0 l\u2019\u00e9tranger\u00a0? Wooooo WORLD WIDE COMPANY\u00a0! Pour tout l\u2019espace Schengen la livraison est de 12 \u20ac TTC via Colissimo et 18 \u20ac TTC par Chronopost. Si vous \u00eates hors de l\u2019Union Europ\u00e9enne on reviendra vers vous pour vous donner le tarif pr\u00e9cis, parce que la Suisse c\u2019est hors Union Europ\u00e9enne, mais le Nicaragua aussi. Et nos amis les transporteurs ne nous facture pas le m\u00eame tarif\u00a0!<\/p>\n<h3 style=\"text-align: justify;\">OK et combien de temps \u00e7a prend\u00a0?<\/h3>\n<p style=\"text-align: justify;\">My Random Shirt s\u2019engage \u00e0 ce que votre commande soit remise au transporteur sous 72h. Apr\u00e8s comme le disait Cristiano Ronaldo \u00e0 la finale de l\u2019Euro 2016 \u00ab C\u2019est dans les mains de Dieux maintenant \u00bb. La livraison se fait normalement en 24h avec Chronopost et en 48\/72h ouvr\u00e9s selon Colissimo. Apr\u00e8s My Random Shirt ne conduit pas le camion de livraison (et c\u2019est bien dommage\u2026 Chauffe Marcel !) mais vous fournira un N\u00b0 de tracking pour que vous puissiez suivre l\u2019\u00e9tat d\u2019avanc\u00e9e de votre livraison et de contacter le transporteur en question en cas de souci !<\/p>\n<h3 style=\"text-align: justify;\">Ok\u2026 C\u2019est pas mal votre truc mais comment on peut payer\u00a0?<\/h3>\n<p style=\"text-align: justify;\">EXCELLENTE QUESTION ! My Random Shirt accepte tous les types de cartes bancaires et le r\u00e8glement via Paypal. Si vous venez voir directement My Random Shirt pour r\u00e9cup\u00e9rer votre boite en main propre vous pouvez faire le paiement en liquide. Mais il ne faudra pas venir les mains vides, pr\u00e9voyez les bi\u00e8res et My Random Shirt se charge du saucisson.<\/p>\n<h3 style=\"text-align: justify;\">Je ne comprends rien au site et \u00e0 son fonctionnement\u2026<\/h3>\n<p style=\"text-align: justify;\">Vous ne vous en sortez pas\u00a0? My Random Shirt est l\u00e0 pour vous aider\u00a0! Si vous avez la moindre question, le moindre probl\u00e8me n\u2019h\u00e9sitez pas nous sommes l\u00e0 pour vous\u00a0: <a href=\"mailto:contact@myrandomshirt.com\">contact@myrandomshirt.com<\/a><\/p>\n<p>[\/et_pb_text][\/et_pb_column][\/et_pb_row][\/et_pb_section]<\/p>\n","protected":false},"excerpt":{"rendered":"<p>[et_pb_section fb_built=\u00a0\u00bb1&Prime; _builder_version=\u00a0\u00bb4.9.4&Prime; _module_preset=\u00a0\u00bbdefault\u00a0\u00bb][et_pb_row _builder_version=\u00a0\u00bb4.9.4&Prime; _module_preset=\u00a0\u00bbdefault\u00a0\u00bb][et_pb_column type=\u00a0\u00bb4_4&Prime; _builder_version=\u00a0\u00bb4.9.4&Prime; _module_preset=\u00a0\u00bbdefault\u00a0\u00bb][et_pb_text _builder_version=\u00a0\u00bb4.9.4&Prime; _module_preset=\u00a0\u00bbdefault\u00a0\u00bb text_font=\u00a0\u00bbMasiva Bold||||||||\u00a0\u00bb text_text_color=\u00a0\u00bb#242552&Prime; text_font_size=\u00a0\u00bb30px\u00a0\u00bb text_orientation=\u00a0\u00bbcenter\u00a0\u00bb] Foire Aux Questions (FAQ) [\/et_pb_text][et_pb_text _builder_version=\u00a0\u00bb4.9.4&Prime; _module_preset=\u00a0\u00bbdefault\u00a0\u00bb text_font=\u00a0\u00bbMasiva||||||||\u00a0\u00bb text_text_color=\u00a0\u00bb#232453&Prime; text_font_size=\u00a0\u00bb16px\u00a0\u00bb header_text_color=\u00a0\u00bb#232453&Prime; hover_enabled=\u00a0\u00bb0&Prime; sticky_enabled=\u00a0\u00bb0&Prime;] Hey, mais c\u2019est quoi votre truc My Random Machin chouette\u00a0? C\u2019est simple, sur My Random Shirt il n\u2019y a qu\u2019un produit \u00e0 acheter, c\u2019est une boite. [&hellip;]<\/p>\n","protected":false},"author":1,"featured_media":0,"parent":0,"menu_order":0,"comment_status":"closed","ping_status":"closed","template":"","meta":{"_et_pb_use_builder":"on","_et_pb_old_content":"<!-- wp:divi\/placeholder \/-->","_et_gb_content_width":"","footnotes":""},"class_list":["post-492","page","type-page","status-publish","hentry"],"yoast_head":"<!-- This site is optimized with the Yoast SEO plugin v27.5 - https:\/\/yoast.com\/product\/yoast-seo-wordpress\/ -->\n<title>FAQ - MyRandomShirt<\/title>\n<meta name=\"robots\" content=\"index, follow, max-snippet:-1, max-image-preview:large, max-video-preview:-1\" \/>\n<link rel=\"canonical\" href=\"https:\/\/myrandomshirt.com\/en\/faq\/\" \/>\n<meta property=\"og:locale\" content=\"en_GB\" \/>\n<meta property=\"og:type\" content=\"article\" \/>\n<meta property=\"og:title\" content=\"FAQ - MyRandomShirt\" \/>\n<meta property=\"og:description\" content=\"[et_pb_section fb_built=\u00a0\u00bb1&Prime; _builder_version=\u00a0\u00bb4.9.4&Prime; _module_preset=\u00a0\u00bbdefault\u00a0\u00bb][et_pb_row _builder_version=\u00a0\u00bb4.9.4&Prime; _module_preset=\u00a0\u00bbdefault\u00a0\u00bb][et_pb_column type=\u00a0\u00bb4_4&Prime; _builder_version=\u00a0\u00bb4.9.4&Prime; _module_preset=\u00a0\u00bbdefault\u00a0\u00bb][et_pb_text _builder_version=\u00a0\u00bb4.9.4&Prime; _module_preset=\u00a0\u00bbdefault\u00a0\u00bb text_font=\u00a0\u00bbMasiva Bold||||||||\u00a0\u00bb text_text_color=\u00a0\u00bb#242552&Prime; text_font_size=\u00a0\u00bb30px\u00a0\u00bb text_orientation=\u00a0\u00bbcenter\u00a0\u00bb] Foire Aux Questions (FAQ) [\/et_pb_text][et_pb_text _builder_version=\u00a0\u00bb4.9.4&Prime; _module_preset=\u00a0\u00bbdefault\u00a0\u00bb text_font=\u00a0\u00bbMasiva||||||||\u00a0\u00bb text_text_color=\u00a0\u00bb#232453&Prime; text_font_size=\u00a0\u00bb16px\u00a0\u00bb header_text_color=\u00a0\u00bb#232453&Prime; hover_enabled=\u00a0\u00bb0&Prime; sticky_enabled=\u00a0\u00bb0&Prime;] Hey, mais c\u2019est quoi votre truc My Random Machin chouette\u00a0? C\u2019est simple, sur My Random Shirt il n\u2019y a qu\u2019un produit \u00e0 acheter, c\u2019est une boite. [&hellip;]\" \/>\n<meta property=\"og:url\" content=\"https:\/\/myrandomshirt.com\/en\/faq\/\" \/>\n<meta property=\"og:site_name\" content=\"MyRandomShirt\" \/>\n<meta property=\"article:modified_time\" content=\"2021-05-08T15:42:20+00:00\" \/>\n<meta name=\"twitter:card\" content=\"summary_large_image\" \/>\n<meta name=\"twitter:label1\" content=\"Estimated reading time\" \/>\n\t<meta name=\"twitter:data1\" content=\"5 minutes\" \/>\n<script type=\"application\/ld+json\" class=\"yoast-schema-graph\">{\"@context\":\"https:\\\/\\\/schema.org\",\"@graph\":[{\"@type\":\"WebPage\",\"@id\":\"https:\\\/\\\/myrandomshirt.com\\\/faq\\\/\",\"url\":\"https:\\\/\\\/myrandomshirt.com\\\/faq\\\/\",\"name\":\"FAQ - MyRandomShirt\",\"isPartOf\":{\"@id\":\"https:\\\/\\\/myrandomshirt.com\\\/#website\"},\"datePublished\":\"2021-04-21T09:09:04+00:00\",\"dateModified\":\"2021-05-08T15:42:20+00:00\",\"breadcrumb\":{\"@id\":\"https:\\\/\\\/myrandomshirt.com\\\/faq\\\/#breadcrumb\"},\"inLanguage\":\"en-GB\",\"potentialAction\":[{\"@type\":\"ReadAction\",\"target\":[\"https:\\\/\\\/myrandomshirt.com\\\/faq\\\/\"]}]},{\"@type\":\"BreadcrumbList\",\"@id\":\"https:\\\/\\\/myrandomshirt.com\\\/faq\\\/#breadcrumb\",\"itemListElement\":[{\"@type\":\"ListItem\",\"position\":1,\"name\":\"Accueil\",\"item\":\"https:\\\/\\\/myrandomshirt.com\\\/\"},{\"@type\":\"ListItem\",\"position\":2,\"name\":\"FAQ\"}]},{\"@type\":\"WebSite\",\"@id\":\"https:\\\/\\\/myrandomshirt.com\\\/#website\",\"url\":\"https:\\\/\\\/myrandomshirt.com\\\/\",\"name\":\"MyRandomShirt\",\"description\":\"\",\"potentialAction\":[{\"@type\":\"SearchAction\",\"target\":{\"@type\":\"EntryPoint\",\"urlTemplate\":\"https:\\\/\\\/myrandomshirt.com\\\/?s={search_term_string}\"},\"query-input\":{\"@type\":\"PropertyValueSpecification\",\"valueRequired\":true,\"valueName\":\"search_term_string\"}}],\"inLanguage\":\"en-GB\"}]}<\/script>\n<!-- \/ Yoast SEO plugin. -->","yoast_head_json":{"title":"FAQ - MyRandomShirt","robots":{"index":"index","follow":"follow","max-snippet":"max-snippet:-1","max-image-preview":"max-image-preview:large","max-video-preview":"max-video-preview:-1"},"canonical":"https:\/\/myrandomshirt.com\/en\/faq\/","og_locale":"en_GB","og_type":"article","og_title":"FAQ - MyRandomShirt","og_description":"[et_pb_section fb_built=\u00a0\u00bb1&Prime; _builder_version=\u00a0\u00bb4.9.4&Prime; _module_preset=\u00a0\u00bbdefault\u00a0\u00bb][et_pb_row _builder_version=\u00a0\u00bb4.9.4&Prime; _module_preset=\u00a0\u00bbdefault\u00a0\u00bb][et_pb_column type=\u00a0\u00bb4_4&Prime; _builder_version=\u00a0\u00bb4.9.4&Prime; _module_preset=\u00a0\u00bbdefault\u00a0\u00bb][et_pb_text _builder_version=\u00a0\u00bb4.9.4&Prime; _module_preset=\u00a0\u00bbdefault\u00a0\u00bb text_font=\u00a0\u00bbMasiva Bold||||||||\u00a0\u00bb text_text_color=\u00a0\u00bb#242552&Prime; text_font_size=\u00a0\u00bb30px\u00a0\u00bb text_orientation=\u00a0\u00bbcenter\u00a0\u00bb] Foire Aux Questions (FAQ) [\/et_pb_text][et_pb_text _builder_version=\u00a0\u00bb4.9.4&Prime; _module_preset=\u00a0\u00bbdefault\u00a0\u00bb text_font=\u00a0\u00bbMasiva||||||||\u00a0\u00bb text_text_color=\u00a0\u00bb#232453&Prime; text_font_size=\u00a0\u00bb16px\u00a0\u00bb header_text_color=\u00a0\u00bb#232453&Prime; hover_enabled=\u00a0\u00bb0&Prime; sticky_enabled=\u00a0\u00bb0&Prime;] Hey, mais c\u2019est quoi votre truc My Random Machin chouette\u00a0? C\u2019est simple, sur My Random Shirt il n\u2019y a qu\u2019un produit \u00e0 acheter, c\u2019est une boite. [&hellip;]","og_url":"https:\/\/myrandomshirt.com\/en\/faq\/","og_site_name":"MyRandomShirt","article_modified_time":"2021-05-08T15:42:20+00:00","twitter_card":"summary_large_image","twitter_misc":{"Estimated reading time":"5 minutes"},"schema":{"@context":"https:\/\/schema.org","@graph":[{"@type":"WebPage","@id":"https:\/\/myrandomshirt.com\/faq\/","url":"https:\/\/myrandomshirt.com\/faq\/","name":"FAQ - MyRandomShirt","isPartOf":{"@id":"https:\/\/myrandomshirt.com\/#website"},"datePublished":"2021-04-21T09:09:04+00:00","dateModified":"2021-05-08T15:42:20+00:00","breadcrumb":{"@id":"https:\/\/myrandomshirt.com\/faq\/#breadcrumb"},"inLanguage":"en-GB","potentialAction":[{"@type":"ReadAction","target":["https:\/\/myrandomshirt.com\/faq\/"]}]},{"@type":"BreadcrumbList","@id":"https:\/\/myrandomshirt.com\/faq\/#breadcrumb","itemListElement":[{"@type":"ListItem","position":1,"name":"Accueil","item":"https:\/\/myrandomshirt.com\/"},{"@type":"ListItem","position":2,"name":"FAQ"}]},{"@type":"WebSite","@id":"https:\/\/myrandomshirt.com\/#website","url":"https:\/\/myrandomshirt.com\/","name":"MyRandomShirt","description":"","potentialAction":[{"@type":"SearchAction","target":{"@type":"EntryPoint","urlTemplate":"https:\/\/myrandomshirt.com\/?s={search_term_string}"},"query-input":{"@type":"PropertyValueSpecification","valueRequired":true,"valueName":"search_term_string"}}],"inLanguage":"en-GB"}]}},"_links":{"self":[{"href":"https:\/\/myrandomshirt.com\/en\/wp-json\/wp\/v2\/pages\/492","targetHints":{"allow":["GET"]}}],"collection":[{"href":"https:\/\/myrandomshirt.com\/en\/wp-json\/wp\/v2\/pages"}],"about":[{"href":"https:\/\/myrandomshirt.com\/en\/wp-json\/wp\/v2\/types\/page"}],"author":[{"embeddable":true,"href":"https:\/\/myrandomshirt.com\/en\/wp-json\/wp\/v2\/users\/1"}],"replies":[{"embeddable":true,"href":"https:\/\/myrandomshirt.com\/en\/wp-json\/wp\/v2\/comments?post=492"}],"version-history":[{"count":13,"href":"https:\/\/myrandomshirt.com\/en\/wp-json\/wp\/v2\/pages\/492\/revisions"}],"predecessor-version":[{"id":919,"href":"https:\/\/myrandomshirt.com\/en\/wp-json\/wp\/v2\/pages\/492\/revisions\/919"}],"wp:attachment":[{"href":"https:\/\/myrandomshirt.com\/en\/wp-json\/wp\/v2\/media?parent=492"}],"curies":[{"name":"wp","href":"https:\/\/api.w.org\/{rel}","templated":true}]}}