{"id":24,"date":"2021-03-29T12:53:01","date_gmt":"2021-03-29T10:53:01","guid":{"rendered":"http:\/\/comingsoon.myrandomshirt.com\/?page_id=24"},"modified":"2021-10-17T15:06:04","modified_gmt":"2021-10-17T13:06:04","slug":"accueil","status":"publish","type":"page","link":"https:\/\/myrandomshirt.com\/en\/","title":{"rendered":""},"content":{"rendered":"\n\n\n\n[et_pb_section fb_built=\u00a0\u00bb1&Prime; _builder_version=\u00a0\u00bb4.9.4&Prime; _module_preset=\u00a0\u00bbdefault\u00a0\u00bb background_image=\u00a0\u00bbhttps:\/\/myrandomshirt.com\/wp-content\/uploads\/2021\/04\/bg40-scaled.jpeg\u00a0\u00bb module_alignment=\u00a0\u00bbcenter\u00a0\u00bb height=\u00a0\u00bb764px\u00a0\u00bb custom_padding=\u00a0\u00bb||0px|||\u00a0\u00bb][et_pb_row _builder_version=\u00a0\u00bb4.9.4&Prime; _module_preset=\u00a0\u00bbdefault\u00a0\u00bb background_color=\u00a0\u00bbRGBA(0,0,0,0)\u00a0\u00bb min_height=\u00a0\u00bb471.8px\u00a0\u00bb custom_margin=\u00a0\u00bb|auto|59px|auto||\u00a0\u00bb custom_padding=\u00a0\u00bb||0px|||\u00a0\u00bb][et_pb_column type=\u00a0\u00bb4_4&Prime; _builder_version=\u00a0\u00bb4.9.2&Prime; _module_preset=\u00a0\u00bbdefault\u00a0\u00bb][et_pb_cta title=\u00a0\u00bbVotre prochain maillot se commande ici !\u00a0\u00bb button_url=\u00a0\u00bb@ET-DC@eyJkeW5hbWljIjp0cnVlLCJjb250ZW50IjoicG9zdF9saW5rX3VybF9wcm9kdWN0Iiwic2V0dGluZ3MiOnsicG9zdF9pZCI6IjEzMSJ9fQ==@\u00a0\u00bb button_text=\u00a0\u00bbGOAAAAAL !\u00a0\u00bb _builder_version=\u00a0\u00bb4.9.4&Prime; _dynamic_attributes=\u00a0\u00bbbutton_url\u00a0\u00bb _module_preset=\u00a0\u00bbdefault\u00a0\u00bb header_font=\u00a0\u00bbMasiva Bold||||||||\u00a0\u00bb header_font_size=\u00a0\u00bb40px\u00a0\u00bb body_font=\u00a0\u00bbMasiva||||||||\u00a0\u00bb body_text_color=\u00a0\u00bb#000000&Prime; body_font_size=\u00a0\u00bb20px\u00a0\u00bb background_color=\u00a0\u00bbRGBA(0,0,0,0)\u00a0\u00bb custom_button=\u00a0\u00bbon\u00a0\u00bb button_border_radius=\u00a0\u00bb10px\u00a0\u00bb button_font=\u00a0\u00bbMasiva||||||||\u00a0\u00bb button_icon=\u00a0\u00bb%%20%%\u00a0\u00bb button_custom_margin=\u00a0\u00bb75px||||false|false\u00a0\u00bb button_custom_padding=\u00a0\u00bb|50px||50px|false|false\u00a0\u00bb background_layout=\u00a0\u00bblight\u00a0\u00bb module_alignment=\u00a0\u00bbcenter\u00a0\u00bb custom_margin=\u00a0\u00bb100px||||false|false\u00a0\u00bb box_shadow_style_button=\u00a0\u00bbpreset1&Prime; button_text__hover_enabled=\u00a0\u00bboff|desktop\u00a0\u00bb]<p>D\u00e9couvrez notre Box Myst\u00e8re<\/p>[\/et_pb_cta][\/et_pb_column][\/et_pb_row][\/et_pb_section][et_pb_section fb_built=\u00a0\u00bb1&Prime; _builder_version=\u00a0\u00bb4.9.2&Prime; _module_preset=\u00a0\u00bbdefault\u00a0\u00bb min_height=\u00a0\u00bb354px\u00a0\u00bb][et_pb_row column_structure=\u00a0\u00bb1_3,1_3,1_3&Prime; _builder_version=\u00a0\u00bb4.9.4&Prime; _module_preset=\u00a0\u00bbdefault\u00a0\u00bb hover_enabled=\u00a0\u00bb0&Prime; custom_css_main_element=\u00a0\u00bbfont-family: &lsquo;Masiva Italic&rsquo; !important;||\u00a0\u00bb sticky_enabled=\u00a0\u00bb0&Prime;][et_pb_column type=\u00a0\u00bb1_3&Prime; _builder_version=\u00a0\u00bb4.9.4&Prime; _module_preset=\u00a0\u00bbdefault\u00a0\u00bb][et_pb_image src=\u00a0\u00bbhttps:\/\/myrandomshirt.com\/wp-content\/uploads\/2021\/04\/Picto-LIVRAISON-SUIVIE.png\u00a0\u00bb title_text=\u00a0\u00bbPicto LIVRAISON SUIVIE\u00a0\u00bb align=\u00a0\u00bbcenter\u00a0\u00bb _builder_version=\u00a0\u00bb4.9.4&Prime; _module_preset=\u00a0\u00bbdefault\u00a0\u00bb height=\u00a0\u00bb150px\u00a0\u00bb][\/et_pb_image][et_pb_text _builder_version=\u00a0\u00bb4.9.4&Prime; _module_preset=\u00a0\u00bbdefault\u00a0\u00bb text_font=\u00a0\u00bbMasiva Italic||||||||\u00a0\u00bb header_font=\u00a0\u00bbMasiva Italic||||||||\u00a0\u00bb custom_margin=\u00a0\u00bb||50px||false|false\u00a0\u00bb hover_enabled=\u00a0\u00bb0&Prime; sticky_enabled=\u00a0\u00bb0&Prime;]<h2 style=\"text-align: center; font-family: 'Masiva italic' !important;\">Livraison suivie<\/h2>[\/et_pb_text][\/et_pb_column][et_pb_column type=\u00a0\u00bb1_3&Prime; _builder_version=\u00a0\u00bb4.9.4&Prime; _module_preset=\u00a0\u00bbdefault\u00a0\u00bb][et_pb_image src=\u00a0\u00bbhttps:\/\/myrandomshirt.com\/wp-content\/uploads\/2021\/04\/Picto-100-AUTHENTIQUE.png\u00a0\u00bb title_text=\u00a0\u00bbPicto 100% AUTHENTIQUE\u00a0\u00bb align=\u00a0\u00bbcenter\u00a0\u00bb _builder_version=\u00a0\u00bb4.9.4&Prime; _module_preset=\u00a0\u00bbdefault\u00a0\u00bb height=\u00a0\u00bb150px\u00a0\u00bb][\/et_pb_image][et_pb_text _builder_version=\u00a0\u00bb4.9.4&Prime; _module_preset=\u00a0\u00bbdefault\u00a0\u00bb custom_margin=\u00a0\u00bb||50px||false|false\u00a0\u00bb hover_enabled=\u00a0\u00bb0&Prime; sticky_enabled=\u00a0\u00bb0&Prime;]<h2 style=\"text-align: center; font-family: 'Masiva italic' !important;\">100% authentique<\/h2>[\/et_pb_text][\/et_pb_column][et_pb_column type=\u00a0\u00bb1_3&Prime; _builder_version=\u00a0\u00bb4.9.4&Prime; _module_preset=\u00a0\u00bbdefault\u00a0\u00bb][et_pb_image src=\u00a0\u00bbhttps:\/\/myrandomshirt.com\/wp-content\/uploads\/2021\/04\/PICTO-PAIEMENT-SECURISE.png\u00a0\u00bb title_text=\u00a0\u00bbPICTO PAIEMENT SECURISE\u00a0\u00bb align=\u00a0\u00bbcenter\u00a0\u00bb _builder_version=\u00a0\u00bb4.9.4&Prime; _module_preset=\u00a0\u00bbdefault\u00a0\u00bb height=\u00a0\u00bb150px\u00a0\u00bb][\/et_pb_image][et_pb_text _builder_version=\u00a0\u00bb4.9.4&Prime; _module_preset=\u00a0\u00bbdefault\u00a0\u00bb custom_margin=\u00a0\u00bb||50px||false|false\u00a0\u00bb hover_enabled=\u00a0\u00bb0&Prime; sticky_enabled=\u00a0\u00bb0&Prime;]<h2 style=\"text-align: center; font-family: 'Masiva italic' !important;\">Paiement s\u00e9curis\u00e9<\/h2>[\/et_pb_text][\/et_pb_column][\/et_pb_row][\/et_pb_section][et_pb_section fb_built=\u00a0\u00bb1&Prime; _builder_version=\u00a0\u00bb4.9.4&Prime; _module_preset=\u00a0\u00bbdefault\u00a0\u00bb background_color=\u00a0\u00bb#61feb1&Prime;][et_pb_row _builder_version=\u00a0\u00bb4.9.4&Prime; _module_preset=\u00a0\u00bbdefault\u00a0\u00bb][et_pb_column type=\u00a0\u00bb4_4&Prime; _builder_version=\u00a0\u00bb4.9.4&Prime; _module_preset=\u00a0\u00bbdefault\u00a0\u00bb][et_pb_text _builder_version=\u00a0\u00bb4.9.4&Prime; _module_preset=\u00a0\u00bbdefault\u00a0\u00bb text_font=\u00a0\u00bbMasiva||||||||\u00a0\u00bb text_text_color=\u00a0\u00bb#242552&Prime; text_font_size=\u00a0\u00bb16px\u00a0\u00bb header_font=\u00a0\u00bbMasiva Bold||||||||\u00a0\u00bb header_text_align=\u00a0\u00bbcenter\u00a0\u00bb header_text_color=\u00a0\u00bb#242552&Prime; text_orientation=\u00a0\u00bbcenter\u00a0\u00bb hover_enabled=\u00a0\u00bb0&Prime; sticky_enabled=\u00a0\u00bb0&Prime;]<h1>Le principe ?<\/h1>\n<br>\n<p>Commander un maillot officiel sans avoir la moindre id\u00e9e du mod\u00e8le que l\u2019on va recevoir. Il suffit de connaitre sa taille et de se laisser surprendre&#8230; Mais pas de panique, il est possible d\u2019exclure des maillots que vous ne souhaitez absolument pas.<\/p>[\/et_pb_text][\/et_pb_column][\/et_pb_row][\/et_pb_section][et_pb_section fb_built=\u00a0\u00bb1&Prime; _builder_version=\u00a0\u00bb4.9.2&Prime; _module_preset=\u00a0\u00bbdefault\u00a0\u00bb][et_pb_row column_structure=\u00a0\u00bb1_2,1_2&Prime; _builder_version=\u00a0\u00bb4.9.2&Prime; _module_preset=\u00a0\u00bbdefault\u00a0\u00bb min_height=\u00a0\u00bb770px\u00a0\u00bb][et_pb_column type=\u00a0\u00bb1_2&Prime; _builder_version=\u00a0\u00bb4.9.2&Prime; _module_preset=\u00a0\u00bbdefault\u00a0\u00bb][et_pb_wc_images product=\u00a0\u00bb131&Prime; _builder_version=\u00a0\u00bb4.9.3&Prime; _module_preset=\u00a0\u00bbdefault\u00a0\u00bb][\/et_pb_wc_images][\/et_pb_column][et_pb_column type=\u00a0\u00bb1_2&Prime; _builder_version=\u00a0\u00bb4.9.3&Prime; _module_preset=\u00a0\u00bbdefault\u00a0\u00bb][et_pb_wc_title product=\u00a0\u00bb131&Prime; _builder_version=\u00a0\u00bb4.9.4&Prime; _module_preset=\u00a0\u00bbdefault\u00a0\u00bb header_font=\u00a0\u00bbMasiva Bold||||||||\u00a0\u00bb header_text_color=\u00a0\u00bb#242552&Prime; hover_enabled=\u00a0\u00bb0&Prime; sticky_enabled=\u00a0\u00bb0&Prime;][\/et_pb_wc_title][et_pb_wc_price product=\u00a0\u00bb131&Prime; _builder_version=\u00a0\u00bb4.9.4&Prime; _module_preset=\u00a0\u00bbdefault\u00a0\u00bb body_font=\u00a0\u00bbMasiva||||||||\u00a0\u00bb before_sale_price_font=\u00a0\u00bbMrsBaseline||||||||\u00a0\u00bb sale_price_font=\u00a0\u00bbMrsBaseline|700|||||||\u00a0\u00bb hover_enabled=\u00a0\u00bb0&Prime; sticky_enabled=\u00a0\u00bb0&Prime;][\/et_pb_wc_price][et_pb_wc_description product=\u00a0\u00bb131&Prime; _builder_version=\u00a0\u00bb4.9.4&Prime; _module_preset=\u00a0\u00bbdefault\u00a0\u00bb body_font=\u00a0\u00bbMasiva||||||||\u00a0\u00bb body_text_color=\u00a0\u00bb#242552&Prime; body_font_size=\u00a0\u00bb16px\u00a0\u00bb header_font=\u00a0\u00bbMrsBaseline||||||||\u00a0\u00bb hover_enabled=\u00a0\u00bb0&Prime; sticky_enabled=\u00a0\u00bb0&Prime;][\/et_pb_wc_description][et_pb_wc_add_to_cart product=\u00a0\u00bb131&Prime; _builder_version=\u00a0\u00bb4.9.4&Prime; _module_preset=\u00a0\u00bbdefault\u00a0\u00bb hover_enabled=\u00a0\u00bb0&Prime; body_font=\u00a0\u00bbMasiva|700|||||||\u00a0\u00bb sticky_enabled=\u00a0\u00bb0&Prime;][\/et_pb_wc_add_to_cart][\/et_pb_column][\/et_pb_row][\/et_pb_section]\n\n\n\n","protected":false},"excerpt":{"rendered":"","protected":false},"author":1,"featured_media":0,"parent":0,"menu_order":0,"comment_status":"closed","ping_status":"closed","template":"","meta":{"_et_pb_use_builder":"on","_et_pb_old_content":"","_et_gb_content_width":"","footnotes":""},"class_list":["post-24","page","type-page","status-publish","hentry"],"yoast_head":"<!-- This site is optimized with the Yoast SEO plugin v27.5 - https:\/\/yoast.com\/product\/yoast-seo-wordpress\/ -->\n<title>My Random Shirt - Sur quelle \u00e9quipe allez vous tomber?<\/title>\n<meta name=\"description\" content=\"Commander un maillot officiel sans avoir la moindre id\u00e9e du mod\u00e8le que l\u2019on va recevoir. Il suffit de connaitre sa taille et de se laisser surprendre\u2026 Mais pas de panique, il est possible d\u2019exclure des maillots que vous ne souhaitez absolument pas.\" \/>\n<meta name=\"robots\" content=\"index, follow, max-snippet:-1, max-image-preview:large, max-video-preview:-1\" \/>\n<link rel=\"canonical\" href=\"https:\/\/myrandomshirt.com\/en\/\" \/>\n<meta property=\"og:locale\" content=\"en_GB\" \/>\n<meta property=\"og:type\" content=\"article\" \/>\n<meta property=\"og:title\" content=\"My Random Shirt - Sur quelle \u00e9quipe allez vous tomber?\" \/>\n<meta property=\"og:description\" content=\"Commander un maillot officiel sans avoir la moindre id\u00e9e du mod\u00e8le que l\u2019on va recevoir. Il suffit de connaitre sa taille et de se laisser surprendre\u2026 Mais pas de panique, il est possible d\u2019exclure des maillots que vous ne souhaitez absolument pas.\" \/>\n<meta property=\"og:url\" content=\"https:\/\/myrandomshirt.com\/en\/\" \/>\n<meta property=\"og:site_name\" content=\"MyRandomShirt\" \/>\n<meta property=\"article:modified_time\" content=\"2021-10-17T13:06:04+00:00\" \/>\n<meta name=\"twitter:card\" content=\"summary_large_image\" \/>\n<meta name=\"twitter:label1\" content=\"Estimated reading time\" \/>\n\t<meta name=\"twitter:data1\" content=\"2 minutes\" \/>\n<script type=\"application\/ld+json\" class=\"yoast-schema-graph\">{\"@context\":\"https:\\\/\\\/schema.org\",\"@graph\":[{\"@type\":\"WebPage\",\"@id\":\"https:\\\/\\\/myrandomshirt.com\\\/\",\"url\":\"https:\\\/\\\/myrandomshirt.com\\\/\",\"name\":\"My Random Shirt - Sur quelle \u00e9quipe allez vous tomber?\",\"isPartOf\":{\"@id\":\"https:\\\/\\\/myrandomshirt.com\\\/#website\"},\"datePublished\":\"2021-03-29T10:53:01+00:00\",\"dateModified\":\"2021-10-17T13:06:04+00:00\",\"description\":\"Commander un maillot officiel sans avoir la moindre id\u00e9e du mod\u00e8le que l\u2019on va recevoir. Il suffit de connaitre sa taille et de se laisser surprendre\u2026 Mais pas de panique, il est possible d\u2019exclure des maillots que vous ne souhaitez absolument pas.\",\"inLanguage\":\"en-GB\",\"potentialAction\":[{\"@type\":\"ReadAction\",\"target\":[\"https:\\\/\\\/myrandomshirt.com\\\/\"]}]},{\"@type\":\"WebSite\",\"@id\":\"https:\\\/\\\/myrandomshirt.com\\\/#website\",\"url\":\"https:\\\/\\\/myrandomshirt.com\\\/\",\"name\":\"MyRandomShirt\",\"description\":\"\",\"potentialAction\":[{\"@type\":\"SearchAction\",\"target\":{\"@type\":\"EntryPoint\",\"urlTemplate\":\"https:\\\/\\\/myrandomshirt.com\\\/?s={search_term_string}\"},\"query-input\":{\"@type\":\"PropertyValueSpecification\",\"valueRequired\":true,\"valueName\":\"search_term_string\"}}],\"inLanguage\":\"en-GB\"}]}<\/script>\n<!-- \/ Yoast SEO plugin. -->","yoast_head_json":{"title":"My Random Shirt - Sur quelle \u00e9quipe allez vous tomber?","description":"Commander un maillot officiel sans avoir la moindre id\u00e9e du mod\u00e8le que l\u2019on va recevoir. Il suffit de connaitre sa taille et de se laisser surprendre\u2026 Mais pas de panique, il est possible d\u2019exclure des maillots que vous ne souhaitez absolument pas.","robots":{"index":"index","follow":"follow","max-snippet":"max-snippet:-1","max-image-preview":"max-image-preview:large","max-video-preview":"max-video-preview:-1"},"canonical":"https:\/\/myrandomshirt.com\/en\/","og_locale":"en_GB","og_type":"article","og_title":"My Random Shirt - Sur quelle \u00e9quipe allez vous tomber?","og_description":"Commander un maillot officiel sans avoir la moindre id\u00e9e du mod\u00e8le que l\u2019on va recevoir. Il suffit de connaitre sa taille et de se laisser surprendre\u2026 Mais pas de panique, il est possible d\u2019exclure des maillots que vous ne souhaitez absolument pas.","og_url":"https:\/\/myrandomshirt.com\/en\/","og_site_name":"MyRandomShirt","article_modified_time":"2021-10-17T13:06:04+00:00","twitter_card":"summary_large_image","twitter_misc":{"Estimated reading time":"2 minutes"},"schema":{"@context":"https:\/\/schema.org","@graph":[{"@type":"WebPage","@id":"https:\/\/myrandomshirt.com\/","url":"https:\/\/myrandomshirt.com\/","name":"My Random Shirt - Sur quelle \u00e9quipe allez vous tomber?","isPartOf":{"@id":"https:\/\/myrandomshirt.com\/#website"},"datePublished":"2021-03-29T10:53:01+00:00","dateModified":"2021-10-17T13:06:04+00:00","description":"Commander un maillot officiel sans avoir la moindre id\u00e9e du mod\u00e8le que l\u2019on va recevoir. Il suffit de connaitre sa taille et de se laisser surprendre\u2026 Mais pas de panique, il est possible d\u2019exclure des maillots que vous ne souhaitez absolument pas.","inLanguage":"en-GB","potentialAction":[{"@type":"ReadAction","target":["https:\/\/myrandomshirt.com\/"]}]},{"@type":"WebSite","@id":"https:\/\/myrandomshirt.com\/#website","url":"https:\/\/myrandomshirt.com\/","name":"MyRandomShirt","description":"","potentialAction":[{"@type":"SearchAction","target":{"@type":"EntryPoint","urlTemplate":"https:\/\/myrandomshirt.com\/?s={search_term_string}"},"query-input":{"@type":"PropertyValueSpecification","valueRequired":true,"valueName":"search_term_string"}}],"inLanguage":"en-GB"}]}},"_links":{"self":[{"href":"https:\/\/myrandomshirt.com\/en\/wp-json\/wp\/v2\/pages\/24","targetHints":{"allow":["GET"]}}],"collection":[{"href":"https:\/\/myrandomshirt.com\/en\/wp-json\/wp\/v2\/pages"}],"about":[{"href":"https:\/\/myrandomshirt.com\/en\/wp-json\/wp\/v2\/types\/page"}],"author":[{"embeddable":true,"href":"https:\/\/myrandomshirt.com\/en\/wp-json\/wp\/v2\/users\/1"}],"replies":[{"embeddable":true,"href":"https:\/\/myrandomshirt.com\/en\/wp-json\/wp\/v2\/comments?post=24"}],"version-history":[{"count":58,"href":"https:\/\/myrandomshirt.com\/en\/wp-json\/wp\/v2\/pages\/24\/revisions"}],"predecessor-version":[{"id":1019,"href":"https:\/\/myrandomshirt.com\/en\/wp-json\/wp\/v2\/pages\/24\/revisions\/1019"}],"wp:attachment":[{"href":"https:\/\/myrandomshirt.com\/en\/wp-json\/wp\/v2\/media?parent=24"}],"curies":[{"name":"wp","href":"https:\/\/api.w.org\/{rel}","templated":true}]}}